{"id":1811,"date":"2026-05-05T14:44:04","date_gmt":"2026-05-05T12:44:04","guid":{"rendered":"https:\/\/sites.abo.fi\/relex\/?page_id=1811"},"modified":"2026-05-08T11:54:03","modified_gmt":"2026-05-08T09:54:03","slug":"delta-i-relex-studien","status":"publish","type":"page","link":"https:\/\/sites.abo.fi\/relex\/delta-i-relex-studien\/","title":{"rendered":"Delta i RelEx-studien"},"content":{"rendered":"\n<h2 class=\"wp-block-heading has-theme-palette-1-color has-text-color has-link-color wp-elements-eb56472e8d5a9556b1fe7c82c2962018\">Delta i RelEx-studien<\/h2>\n\n\n\n<p><strong>Ung vuxen? HLBTIQA+? Religi\u00f6s? Icke-religi\u00f6s? Annat?<\/strong><\/p>\n\n\n\n<p>Delta i v\u00e5r studie och hj\u00e4lp oss att f\u00f6rst\u00e5 samspelet mellan livssyner och social exkludering.<\/p>\n\n\n\n<p class=\"has-theme-palette-1-color has-text-color has-link-color wp-elements-4a5f377afbc62c2af2e0e75a59354e7b\"><strong>Dina tankar och erfarenheter \u00e4r viktiga!<\/strong><\/p>\n\n\n\n<p>Forskningsprojektet Religion and Social Exclusion (RelEx) vid \u00c5bo Akademi har som m\u00e5l att \u00f6ka kunskapen om samspelet mellan livssyner och social exkludering bland unga vuxna i \u00e5ldern <strong>18\u201330 \u00e5r.<\/strong><\/p>\n\n\n\n<p class=\"has-theme-palette-1-color has-text-color has-link-color wp-elements-84fead5adb7c31d12833e090bb205c85\"><strong>Vi hoppas du kan delta.<\/strong><\/p>\n\n\n<style>.kb-table-container1811_ac7a3b-ad{overflow-x:auto;}.kb-table1811_ac7a3b-ad td:nth-of-type(1), .kb-table1811_ac7a3b-ad th:nth-of-type(1){width:30%;}.kb-table1811_ac7a3b-ad td:nth-of-type(2), .kb-table1811_ac7a3b-ad th:nth-of-type(2){width:30%;}.kb-table1811_ac7a3b-ad{table-layout:fixed;width:100%;}.kb-table-container .kb-table1811_ac7a3b-ad th{padding-top:var(--global-kb-spacing-xxs, 0.5rem);padding-right:var(--global-kb-spacing-xxs, 0.5rem);padding-bottom:var(--global-kb-spacing-xxs, 0.5rem);padding-left:var(--global-kb-spacing-xxs, 0.5rem);text-align:center;}.kb-table-container .kb-table1811_ac7a3b-ad td{padding-top:var(--global-kb-spacing-xxs, 0.5rem);padding-right:var(--global-kb-spacing-xxs, 0.5rem);padding-bottom:var(--global-kb-spacing-xxs, 0.5rem);padding-left:var(--global-kb-spacing-xxs, 0.5rem);text-align:left;}<\/style><div class=\"kb-table-container kb-table-container1811_ac7a3b-ad wp-block-kadence-table\"><table class=\"kb-table kb-table1811_ac7a3b-ad\">\n<tr class=\"kb-table-row kb-table-row1811_83813f-ef\">\n<td class=\"kb-table-data kb-table-data1811_d05f3a-5d\">\n\n<p>G\u00e5 till enk\u00e4ten via l\u00e4nken eller QR-koden: <strong><a href=\"http:\/\/redcap.link\/RelEx.enkat\" data-type=\"link\" data-id=\"redcap.link\/RelEx.enkat\">redcap.link\/RelEx.enkat<\/a><\/strong><\/p>\n\n<\/1811_d05f3a-5d>\n\n<td class=\"kb-table-data kb-table-data1811_79de13-f7\">\n\n<figure class=\"wp-block-image size-full\"><img loading=\"lazy\" decoding=\"async\" width=\"147\" height=\"147\" src=\"https:\/\/sites.abo.fi\/relex\/wp-content\/uploads\/sites\/12\/2026\/05\/image-2.png\" alt=\"\" class=\"wp-image-1813\" \/><\/figure>\n\n<\/1811_79de13-f7>\n<\/tr>\n<\/table><\/div>","protected":false},"excerpt":{"rendered":"<p>Delta i RelEx-studien Ung vuxen? HLBTIQA+? Religi\u00f6s? Icke-religi\u00f6s? Annat? Delta i v\u00e5r studie och hj\u00e4lp oss att f\u00f6rst\u00e5 samspelet mellan livssyner och social exkludering. Dina tankar och erfarenheter \u00e4r viktiga! Forskningsprojektet Religion and Social Exclusion (RelEx) vid \u00c5bo Akademi har som m\u00e5l att \u00f6ka kunskapen om samspelet mellan livssyner och social exkludering bland unga vuxna&#8230;<\/p>\n","protected":false},"author":8,"featured_media":0,"parent":0,"menu_order":0,"comment_status":"closed","ping_status":"closed","template":"","meta":{"_acf_changed":false,"inline_featured_image":false,"_kad_blocks_custom_css":"","_kad_blocks_head_custom_js":"","_kad_blocks_body_custom_js":"","_kad_blocks_footer_custom_js":"","_kad_post_transparent":"","_kad_post_title":"","_kad_post_layout":"","_kad_post_sidebar_id":"","_kad_post_content_style":"","_kad_post_vertical_padding":"","_kad_post_feature":"","_kad_post_feature_position":"","_kad_post_header":false,"_kad_post_footer":false,"_kad_post_classname":"","footnotes":""},"class_list":["post-1811","page","type-page","status-publish","hentry"],"acf":[],"lang":"en","translations":{"en":1811},"taxonomy_info":[],"featured_image_src_large":false,"author_info":{"display_name":"isabry","author_link":"https:\/\/sites.abo.fi\/relex\/author\/3\/"},"comment_info":0,"pll_sync_post":[],"_links":{"self":[{"href":"https:\/\/sites.abo.fi\/relex\/wp-json\/wp\/v2\/pages\/1811","targetHints":{"allow":["GET"]}}],"collection":[{"href":"https:\/\/sites.abo.fi\/relex\/wp-json\/wp\/v2\/pages"}],"about":[{"href":"https:\/\/sites.abo.fi\/relex\/wp-json\/wp\/v2\/types\/page"}],"author":[{"embeddable":true,"href":"https:\/\/sites.abo.fi\/relex\/wp-json\/wp\/v2\/users\/8"}],"replies":[{"embeddable":true,"href":"https:\/\/sites.abo.fi\/relex\/wp-json\/wp\/v2\/comments?post=1811"}],"version-history":[{"count":3,"href":"https:\/\/sites.abo.fi\/relex\/wp-json\/wp\/v2\/pages\/1811\/revisions"}],"predecessor-version":[{"id":1848,"href":"https:\/\/sites.abo.fi\/relex\/wp-json\/wp\/v2\/pages\/1811\/revisions\/1848"}],"wp:attachment":[{"href":"https:\/\/sites.abo.fi\/relex\/wp-json\/wp\/v2\/media?parent=1811"}],"curies":[{"name":"wp","href":"https:\/\/api.w.org\/{rel}","templated":true}]}}