{"id":914,"date":"2024-11-07T14:50:47","date_gmt":"2024-11-07T14:50:47","guid":{"rendered":"https:\/\/sites.abo.fi\/psych-aid\/?page_id=914"},"modified":"2024-11-13T11:20:46","modified_gmt":"2024-11-13T11:20:46","slug":"hemsida","status":"publish","type":"page","link":"https:\/\/sites.abo.fi\/psych-aid\/sv\/hemsida\/","title":{"rendered":"Hemsida"},"content":{"rendered":"<style>.kb-row-layout-id914_bca7c4-3d > .kt-row-column-wrap{align-content:center;}:where(.kb-row-layout-id914_bca7c4-3d > .kt-row-column-wrap) > .wp-block-kadence-column{justify-content:center;}.kb-row-layout-id914_bca7c4-3d > .kt-row-column-wrap{column-gap:var(--global-kb-gap-md, 2rem);row-gap:var(--global-kb-gap-md, 2rem);max-width:720px;margin-left:auto;margin-right:auto;padding-top:var(--global-kb-spacing-lg, 3rem);padding-bottom:var(--global-kb-spacing-xxl, 5rem);min-height:510px;grid-template-columns:minmax(0, 1fr);}.kb-row-layout-id914_bca7c4-3d > .kt-row-layout-overlay{opacity:0.50;background-color:#000000;}.kb-row-layout-id914_bca7c4-3d ,.kb-row-layout-id914_bca7c4-3d h1,.kb-row-layout-id914_bca7c4-3d h2,.kb-row-layout-id914_bca7c4-3d h3,.kb-row-layout-id914_bca7c4-3d h4,.kb-row-layout-id914_bca7c4-3d h5,.kb-row-layout-id914_bca7c4-3d h6{color:var(--global-palette9, #ffffff);}@media all and (max-width: 1024px){.kb-row-layout-id914_bca7c4-3d > .kt-row-column-wrap{grid-template-columns:minmax(0, 1fr);}}@media all and (max-width: 767px){.kb-row-layout-id914_bca7c4-3d > .kt-row-column-wrap{grid-template-columns:minmax(0, 1fr);}}<\/style><div class=\"kb-row-layout-wrap kb-row-layout-id914_bca7c4-3d alignfull kt-row-has-bg wp-block-kadence-rowlayout\"><div class=\"kt-blocks-carousel kb-blocks-bg-slider kt-carousel-container-dotstyle-dark\"><div class=\"kt-blocks-carousel-init splide kb-blocks-bg-slider-init kt-carousel-arrowstyle-none kt-carousel-dotstyle-dark\" data-slider-anim-speed=\"400\" data-slider-type=\"slider\" data-slider-scroll=\"1\" data-slider-arrows=\"false\" data-slider-fade=\"true\" data-slider-dots=\"true\" data-slider-hover-pause=\"false\" data-slider-auto=\"true\" data-slider-speed=\"7000\" data-show-pause-button=\"false\"><div class=\"splide__track\"><ul class=\"splide__list\"><li class=\"splide__slide kb-bg-slide-contain\"><div  class=\"kb-bg-slide kb-bg-slide-0\" style=\"background-image:url(https:\/\/sites.abo.fi\/psych-aid\/wp-content\/uploads\/sites\/15\/2024\/09\/1000_F_385710069_BttifMuNBqjTN7PkAjG9aBwGBhAJ5Vx7-e1725449802486.jpg); background-size:cover; background-position:center center; background-repeat:no-repeat;\"><\/div><\/li><\/ul><\/div><\/div><\/div><div class=\"kt-row-layout-overlay kt-row-overlay-normal\"><\/div><div class=\"kt-row-column-wrap kt-has-1-columns kt-row-layout-equal kt-tab-layout-inherit kt-mobile-layout-row kt-row-valign-middle\">\n<style>.kadence-column914_7ac05c-67 > .kt-inside-inner-col,.kadence-column914_7ac05c-67 > .kt-inside-inner-col:before{border-top-left-radius:0px;border-top-right-radius:0px;border-bottom-right-radius:0px;border-bottom-left-radius:0px;}.kadence-column914_7ac05c-67 > .kt-inside-inner-col{column-gap:var(--global-kb-gap-sm, 1rem);}.kadence-column914_7ac05c-67 > .kt-inside-inner-col{flex-direction:column;}.kadence-column914_7ac05c-67 > .kt-inside-inner-col > .aligncenter{width:100%;}.kadence-column914_7ac05c-67 > .kt-inside-inner-col:before{opacity:0.52;background-color:var(--global-palette1, #3182CE);}.kadence-column914_7ac05c-67{position:relative;}@media all and (max-width: 1024px){.kadence-column914_7ac05c-67 > .kt-inside-inner-col{flex-direction:column;justify-content:center;}}@media all and (max-width: 767px){.kadence-column914_7ac05c-67 > .kt-inside-inner-col{flex-direction:column;justify-content:center;}}<\/style>\n<div class=\"wp-block-kadence-column kadence-column914_7ac05c-67 kb-section-has-overlay\"><div class=\"kt-inside-inner-col\"><style>.wp-block-kadence-advancedheading.kt-adv-heading914_cde160-a7, .wp-block-kadence-advancedheading.kt-adv-heading914_cde160-a7[data-kb-block=\"kb-adv-heading914_cde160-a7\"]{max-width:1084px;margin-right:auto;margin-left:auto;text-align:center;font-size:var(--global-kb-font-size-md, 1.25rem);font-style:normal;border-top:14px solid transparent;border-right:14px solid transparent;border-bottom:14px solid transparent;border-left:14px solid transparent;}.wp-block-kadence-advancedheading.kt-adv-heading914_cde160-a7 mark.kt-highlight, .wp-block-kadence-advancedheading.kt-adv-heading914_cde160-a7[data-kb-block=\"kb-adv-heading914_cde160-a7\"] mark.kt-highlight{font-style:normal;color:#f76a0c;-webkit-box-decoration-break:clone;box-decoration-break:clone;padding-top:0px;padding-right:0px;padding-bottom:0px;padding-left:0px;}.wp-block-kadence-advancedheading.kt-adv-heading914_cde160-a7 img.kb-inline-image, .wp-block-kadence-advancedheading.kt-adv-heading914_cde160-a7[data-kb-block=\"kb-adv-heading914_cde160-a7\"] img.kb-inline-image{width:150px;vertical-align:baseline;}@media all and (max-width: 1024px){.wp-block-kadence-advancedheading.kt-adv-heading914_cde160-a7, .wp-block-kadence-advancedheading.kt-adv-heading914_cde160-a7[data-kb-block=\"kb-adv-heading914_cde160-a7\"]{border-top:14px solid transparent;border-right:14px solid transparent;border-bottom:14px solid transparent;border-left:14px solid transparent;}}@media all and (max-width: 767px){.wp-block-kadence-advancedheading.kt-adv-heading914_cde160-a7, .wp-block-kadence-advancedheading.kt-adv-heading914_cde160-a7[data-kb-block=\"kb-adv-heading914_cde160-a7\"]{border-top:14px solid transparent;border-right:14px solid transparent;border-bottom:14px solid transparent;border-left:14px solid transparent;}}<\/style>\n<h1 class=\"kt-adv-heading914_cde160-a7 wp-block-kadence-advancedheading\" data-kb-block=\"kb-adv-heading914_cde160-a7\">Asylpr\u00f6vningsprocessen bygger p\u00e5 intervjuer med s\u00f6kanden och\u00a0en bed\u00f6mning utifr\u00e5n dessa, f\u00f6r att avg\u00f6ra om s\u00f6kanden \u00e4r i behov av internationellt skydd. Orov\u00e4ckande nog \u00e4r de intervju- och beslutsmetoder myndigheterna \u00a0anv\u00e4nder inte fullt ut underst\u00f6dda av psykologisk vetenskap. Vi samarbetar med forskare och yrkesverksamma \u00f6ver hela Europa f\u00f6r att utveckla och utv\u00e4rdera evidensbaserade metoder f\u00f6r asylpr\u00f6vning och utbilda europeiska asylhandl\u00e4ggare f\u00f6r att s\u00e4kerst\u00e4lla intervjuer av h\u00f6g kvalitet samt r\u00e4ttvisa beslut i asyl\u00e4renden.<\/h1>\n<\/div><\/div>\n\n<\/div><\/div>","protected":false},"excerpt":{"rendered":"<p>Asylpr\u00f6vningsprocessen bygger p\u00e5 intervjuer med s\u00f6kanden och\u00a0en bed\u00f6mning utifr\u00e5n dessa, f\u00f6r att avg\u00f6ra om s\u00f6kanden \u00e4r i behov av internationellt skydd. Orov\u00e4ckande nog \u00e4r de intervju- och beslutsmetoder myndigheterna \u00a0anv\u00e4nder inte fullt ut underst\u00f6dda av psykologisk vetenskap. Vi samarbetar med forskare och yrkesverksamma \u00f6ver hela Europa f\u00f6r att utveckla och utv\u00e4rdera evidensbaserade metoder f\u00f6r asylpr\u00f6vning&#8230;<\/p>\n","protected":false},"author":13,"featured_media":916,"parent":0,"menu_order":0,"comment_status":"closed","ping_status":"closed","template":"","meta":{"_acf_changed":false,"inline_featured_image":false,"_kad_blocks_custom_css":"","_kad_blocks_head_custom_js":"","_kad_blocks_body_custom_js":"","_kad_blocks_footer_custom_js":"","_kad_post_transparent":"","_kad_post_title":"","_kad_post_layout":"","_kad_post_sidebar_id":"","_kad_post_content_style":"","_kad_post_vertical_padding":"","_kad_post_feature":"","_kad_post_feature_position":"","_kad_post_header":false,"_kad_post_footer":false,"_kad_post_classname":"","footnotes":""},"class_list":["post-914","page","type-page","status-publish","has-post-thumbnail","hentry"],"acf":[],"lang":"sv","translations":{"sv":914,"en":14,"fi":937},"taxonomy_info":[],"featured_image_src_large":["https:\/\/sites.abo.fi\/psych-aid\/wp-content\/uploads\/sites\/15\/2024\/09\/1000_F_385710069_BttifMuNBqjTN7PkAjG9aBwGBhAJ5Vx7-1-e1725450181191.jpg",960,666,false],"author_info":{"display_name":"mathakal","author_link":"https:\/\/sites.abo.fi\/psych-aid\/author\/4\/"},"comment_info":0,"pll_sync_post":[],"_links":{"self":[{"href":"https:\/\/sites.abo.fi\/psych-aid\/wp-json\/wp\/v2\/pages\/914","targetHints":{"allow":["GET"]}}],"collection":[{"href":"https:\/\/sites.abo.fi\/psych-aid\/wp-json\/wp\/v2\/pages"}],"about":[{"href":"https:\/\/sites.abo.fi\/psych-aid\/wp-json\/wp\/v2\/types\/page"}],"author":[{"embeddable":true,"href":"https:\/\/sites.abo.fi\/psych-aid\/wp-json\/wp\/v2\/users\/13"}],"replies":[{"embeddable":true,"href":"https:\/\/sites.abo.fi\/psych-aid\/wp-json\/wp\/v2\/comments?post=914"}],"version-history":[{"count":9,"href":"https:\/\/sites.abo.fi\/psych-aid\/wp-json\/wp\/v2\/pages\/914\/revisions"}],"predecessor-version":[{"id":1207,"href":"https:\/\/sites.abo.fi\/psych-aid\/wp-json\/wp\/v2\/pages\/914\/revisions\/1207"}],"wp:featuredmedia":[{"embeddable":true,"href":"https:\/\/sites.abo.fi\/psych-aid\/wp-json\/wp\/v2\/media\/916"}],"wp:attachment":[{"href":"https:\/\/sites.abo.fi\/psych-aid\/wp-json\/wp\/v2\/media?parent=914"}],"curies":[{"name":"wp","href":"https:\/\/api.w.org\/{rel}","templated":true}]}}