{"id":942,"date":"2025-11-25T10:46:22","date_gmt":"2025-11-25T10:46:22","guid":{"rendered":"https:\/\/sites.abo.fi\/massiw\/?page_id=942"},"modified":"2026-03-10T13:30:04","modified_gmt":"2026-03-10T13:30:04","slug":"om-oss","status":"publish","type":"page","link":"https:\/\/sites.abo.fi\/massiw\/om-oss\/","title":{"rendered":"Fakta"},"content":{"rendered":"<style>.kb-row-layout-id942_f5767f-d6 > .kt-row-column-wrap{align-content:start;}:where(.kb-row-layout-id942_f5767f-d6 > .kt-row-column-wrap) > .wp-block-kadence-column{justify-content:start;}.kb-row-layout-id942_f5767f-d6 > .kt-row-column-wrap{column-gap:var(--global-kb-gap-md, 2rem);row-gap:var(--global-kb-gap-md, 2rem);padding-top:var(--global-kb-spacing-sm, 1.5rem);padding-bottom:var(--global-kb-spacing-sm, 1.5rem);grid-template-columns:minmax(0, 1fr);}.kb-row-layout-id942_f5767f-d6{background-image:linear-gradient(90deg,rgb(218,239,252) 0%,rgba(255,255,255,0) 100%);}.kb-row-layout-id942_f5767f-d6 > .kt-row-layout-overlay{opacity:0.30;}@media all and (max-width: 1024px){.kb-row-layout-id942_f5767f-d6 > .kt-row-column-wrap{grid-template-columns:minmax(0, 1fr);}}@media all and (max-width: 767px){.kb-row-layout-id942_f5767f-d6 > .kt-row-column-wrap{grid-template-columns:minmax(0, 1fr);}}<\/style><div class=\"kb-row-layout-wrap kb-row-layout-id942_f5767f-d6 alignnone kt-row-has-bg wp-block-kadence-rowlayout\"><div class=\"kt-row-column-wrap kt-has-1-columns kt-row-layout-equal kt-tab-layout-inherit kt-mobile-layout-row kt-row-valign-top\">\n<style>.kadence-column942_1a362b-0d > .kt-inside-inner-col,.kadence-column942_1a362b-0d > .kt-inside-inner-col:before{border-top-left-radius:0px;border-top-right-radius:0px;border-bottom-right-radius:0px;border-bottom-left-radius:0px;}.kadence-column942_1a362b-0d > .kt-inside-inner-col{column-gap:var(--global-kb-gap-sm, 1rem);}.kadence-column942_1a362b-0d > .kt-inside-inner-col{flex-direction:column;}.kadence-column942_1a362b-0d > .kt-inside-inner-col > .aligncenter{width:100%;}.kadence-column942_1a362b-0d > .kt-inside-inner-col:before{opacity:0.3;}.kadence-column942_1a362b-0d{position:relative;}@media all and (max-width: 1024px){.kadence-column942_1a362b-0d > .kt-inside-inner-col{flex-direction:column;justify-content:center;}}@media all and (max-width: 767px){.kadence-column942_1a362b-0d > .kt-inside-inner-col{flex-direction:column;justify-content:center;}}<\/style>\n<div class=\"wp-block-kadence-column kadence-column942_1a362b-0d\"><div class=\"kt-inside-inner-col\">\n<h2 class=\"wp-block-heading has-text-align-center\">MASSIW (Developing acid sulfate soil management for improved water status)<\/h2>\n\n\n<style>.kb-row-layout-id942_1d8935-56 > .kt-row-column-wrap{align-content:start;}:where(.kb-row-layout-id942_1d8935-56 > .kt-row-column-wrap) > .wp-block-kadence-column{justify-content:start;}.kb-row-layout-id942_1d8935-56 > .kt-row-column-wrap{column-gap:var(--global-kb-gap-md, 2rem);row-gap:var(--global-kb-gap-md, 2rem);padding-top:var(--global-kb-spacing-sm, 1.5rem);padding-bottom:var(--global-kb-spacing-sm, 1.5rem);grid-template-columns:repeat(2, minmax(0, 1fr));}.kb-row-layout-id942_1d8935-56 > .kt-row-layout-overlay{opacity:0.30;}@media all and (max-width: 1024px){.kb-row-layout-id942_1d8935-56 > .kt-row-column-wrap{grid-template-columns:repeat(2, minmax(0, 1fr));}}@media all and (max-width: 767px){.kb-row-layout-id942_1d8935-56 > .kt-row-column-wrap{grid-template-columns:minmax(0, 1fr);}}<\/style><div class=\"kb-row-layout-wrap kb-row-layout-id942_1d8935-56 alignnone kt-row-has-bg wp-block-kadence-rowlayout\"><div class=\"kt-row-column-wrap kt-has-2-columns kt-row-layout-equal kt-tab-layout-inherit kt-mobile-layout-row kt-row-valign-top\">\n<style>.kadence-column942_5acc52-3a > .kt-inside-inner-col,.kadence-column942_5acc52-3a > .kt-inside-inner-col:before{border-top-left-radius:0px;border-top-right-radius:0px;border-bottom-right-radius:0px;border-bottom-left-radius:0px;}.kadence-column942_5acc52-3a > .kt-inside-inner-col{column-gap:var(--global-kb-gap-sm, 1rem);}.kadence-column942_5acc52-3a > .kt-inside-inner-col{flex-direction:column;}.kadence-column942_5acc52-3a > .kt-inside-inner-col > .aligncenter{width:100%;}.kadence-column942_5acc52-3a > .kt-inside-inner-col:before{opacity:0.3;}.kadence-column942_5acc52-3a{position:relative;}@media all and (max-width: 1024px){.kadence-column942_5acc52-3a > .kt-inside-inner-col{flex-direction:column;justify-content:center;}}@media all and (max-width: 767px){.kadence-column942_5acc52-3a > .kt-inside-inner-col{flex-direction:column;justify-content:center;}}<\/style>\n<div class=\"wp-block-kadence-column kadence-column942_5acc52-3a\"><div class=\"kt-inside-inner-col\">\n<p class=\"has-text-align-left\"><em>Budget och finansiering:<\/em> Totalbudget 2 357 914 euro, varav 1 532 631 euro finansieras av EU via <a href=\"https:\/\/www.interregaurora.eu\/\" target=\"_blank\" rel=\"noreferrer noopener\">Interreg Aurora-programmet<\/a>.<\/p>\n\n\n\n<p class=\"has-text-align-left\"><em>Finansi\u00e4rer<strong>:<\/strong><\/em> Interreg Aurora, Lapplands f\u00f6rbund, Region V\u00e4sterbotten, Havs- och vattenmyndigheten. Samtliga projektpartners \u00e4r medfinansi\u00e4rer.<\/p>\n\n\n\n<p class=\"has-text-align-left\"><em>Projektpartners<strong>:<\/strong><\/em><strong> <\/strong>\u00c5bo Akademi (\u00c5A), Geologiska forskningscentralen (GTK), Livskraftscentralen i S\u00f6dra \u00d6sterbotten, Linn\u00e9universitetet, Sveriges geologiska unders\u00f6kning (SGU), samt L\u00e4nsstyrelsen V\u00e4sterbotten.<\/p>\n\n\n\n<p class=\"has-text-align-left\"><em>Projektperiod<strong>:<\/strong><\/em> 1 februari 2025\u201331 januari 2028<\/p>\n\n\n\n<p class=\"has-text-align-left\"><em>Huvudkoordinator<strong>:<\/strong><\/em> Miriam Nystrand (\u00c5A), <a href=\"mailto:miriam.nystrand@abo.fi\">miriam.nystrand@abo.fi<\/a><\/p>\n<\/div><\/div>\n\n\n<style>.kadence-column942_4dd8fb-22 > .kt-inside-inner-col,.kadence-column942_4dd8fb-22 > .kt-inside-inner-col:before{border-top-left-radius:0px;border-top-right-radius:0px;border-bottom-right-radius:0px;border-bottom-left-radius:0px;}.kadence-column942_4dd8fb-22 > .kt-inside-inner-col{column-gap:var(--global-kb-gap-sm, 1rem);}.kadence-column942_4dd8fb-22 > .kt-inside-inner-col{flex-direction:column;}.kadence-column942_4dd8fb-22 > .kt-inside-inner-col > .aligncenter{width:100%;}.kadence-column942_4dd8fb-22 > .kt-inside-inner-col:before{opacity:0.3;}.kadence-column942_4dd8fb-22{position:relative;}@media all and (max-width: 1024px){.kadence-column942_4dd8fb-22 > .kt-inside-inner-col{flex-direction:column;justify-content:center;}}@media all and (max-width: 767px){.kadence-column942_4dd8fb-22 > .kt-inside-inner-col{flex-direction:column;justify-content:center;}}<\/style>\n<div class=\"wp-block-kadence-column kadence-column942_4dd8fb-22\"><div class=\"kt-inside-inner-col\"><div class=\"wp-block-image\">\n<figure class=\"aligncenter size-large\"><img decoding=\"async\" src=\"https:\/\/sites.abo.fi\/massiw\/wp-content\/uploads\/sites\/27\/2025\/11\/Picture1-1.svg\" alt=\"\" class=\"wp-image-921\" \/><\/figure>\n<\/div><\/div><\/div>\n\n<\/div><\/div><\/div><\/div>\n\n<\/div><\/div>\n\n<style>.kadence-column942_d69ec9-52 > .kt-inside-inner-col,.kadence-column942_d69ec9-52 > .kt-inside-inner-col:before{border-top-left-radius:0px;border-top-right-radius:0px;border-bottom-right-radius:0px;border-bottom-left-radius:0px;}.kadence-column942_d69ec9-52 > .kt-inside-inner-col{column-gap:var(--global-kb-gap-sm, 1rem);}.kadence-column942_d69ec9-52 > .kt-inside-inner-col{flex-direction:column;}.kadence-column942_d69ec9-52 > .kt-inside-inner-col > .aligncenter{width:100%;}.kadence-column942_d69ec9-52 > .kt-inside-inner-col:before{opacity:0.3;}.kadence-column942_d69ec9-52{position:relative;}@media all and (max-width: 1024px){.kadence-column942_d69ec9-52 > .kt-inside-inner-col{flex-direction:column;justify-content:center;}}@media all and (max-width: 767px){.kadence-column942_d69ec9-52 > .kt-inside-inner-col{flex-direction:column;justify-content:center;}}<\/style>\n<div class=\"wp-block-kadence-column kadence-column942_d69ec9-52\"><div class=\"kt-inside-inner-col\">\n<div class=\"wp-block-columns is-layout-flex wp-container-core-columns-is-layout-9d6595d7 wp-block-columns-is-layout-flex\">\n<div class=\"wp-block-column is-layout-flow wp-block-column-is-layout-flow\"><style>.wp-block-kadence-advancedgallery .kb-gallery-type-masonry.kb-gallery-id-942_af44db-97{margin:-0px;}.kb-gallery-type-masonry.kb-gallery-id-942_af44db-97 .kadence-blocks-gallery-item{padding:0px;}.kb-gallery-id-942_af44db-97 .kadence-blocks-gallery-item .kb-gal-image-radius, .kb-gallery-id-942_af44db-97 .kb-slide-item .kb-gal-image-radius img{border-radius:0px 0px 0px 0px;;}<\/style><div class=\"kb-gallery-wrap-id-942_af44db-97 alignnone wp-block-kadence-advancedgallery\"><ul class=\"kb-gallery-ul kb-gallery-non-static kb-gallery-type-masonry kb-masonry-init kb-gallery-id-942_af44db-97 kb-gallery-caption-style-bottom-hover kb-gallery-filter-none\" data-image-filter=\"none\" data-item-selector=\".kadence-blocks-gallery-item\" data-lightbox-caption=\"true\" data-columns-xxl=\"1\" data-columns-xl=\"1\" data-columns-md=\"1\" data-columns-sm=\"1\" data-columns-xs=\"1\" data-columns-ss=\"1\"><li class=\"kadence-blocks-gallery-item\"><div class=\"kadence-blocks-gallery-item-inner\"><figure class=\"kb-gallery-figure kadence-blocks-gallery-item-hide-caption\"><div class=\"kb-gal-image-radius\" style=\"max-width:1329px;\"><div class=\"kb-gallery-image-contain kadence-blocks-gallery-intrinsic\" style=\"padding-bottom:30%;\"><img loading=\"lazy\" decoding=\"async\" src=\"https:\/\/sites.abo.fi\/massiw\/wp-content\/uploads\/sites\/27\/2025\/11\/Picture2-1.png\" width=\"1329\" height=\"399\" alt=\"\" data-full-image=\"https:\/\/sites.abo.fi\/massiw\/wp-content\/uploads\/sites\/27\/2025\/11\/Picture2-1.png\" data-light-image=\"https:\/\/sites.abo.fi\/massiw\/wp-content\/uploads\/sites\/27\/2025\/11\/Picture2-1.png\" data-id=\"923\" class=\"wp-image-923\" srcset=\"https:\/\/sites.abo.fi\/massiw\/wp-content\/uploads\/sites\/27\/2025\/11\/Picture2-1.png 1329w, https:\/\/sites.abo.fi\/massiw\/wp-content\/uploads\/sites\/27\/2025\/11\/Picture2-1-300x90.png 300w, https:\/\/sites.abo.fi\/massiw\/wp-content\/uploads\/sites\/27\/2025\/11\/Picture2-1-1024x307.png 1024w, https:\/\/sites.abo.fi\/massiw\/wp-content\/uploads\/sites\/27\/2025\/11\/Picture2-1-768x231.png 768w\" sizes=\"auto, (max-width: 1329px) 100vw, 1329px\" \/><\/div><\/div><\/figure><\/div><\/li><\/ul><\/div><\/div>\n\n\n\n<div class=\"wp-block-column is-layout-flow wp-block-column-is-layout-flow\">\n<div style=\"height:48px\" aria-hidden=\"true\" class=\"wp-block-spacer\"><\/div>\n\n\n<style>.wp-block-kadence-advancedgallery .kb-gallery-type-masonry.kb-gallery-id-942_d3eba1-9c{margin:-3.5px;}.kb-gallery-type-masonry.kb-gallery-id-942_d3eba1-9c .kadence-blocks-gallery-item{padding:3.5px;}.kb-gallery-id-942_d3eba1-9c .kadence-blocks-gallery-item .kb-gal-image-radius, .kb-gallery-id-942_d3eba1-9c .kb-slide-item .kb-gal-image-radius img{border-radius:0px 0px 0px 0px;;}<\/style><div class=\"kb-gallery-wrap-id-942_d3eba1-9c alignnone wp-block-kadence-advancedgallery\"><ul class=\"kb-gallery-ul kb-gallery-non-static kb-gallery-type-masonry kb-masonry-init kb-gallery-id-942_d3eba1-9c kb-gallery-caption-style-bottom-hover kb-gallery-filter-none\" data-image-filter=\"none\" data-item-selector=\".kadence-blocks-gallery-item\" data-lightbox-caption=\"true\" data-columns-xxl=\"3\" data-columns-xl=\"3\" data-columns-md=\"3\" data-columns-sm=\"2\" data-columns-xs=\"1\" data-columns-ss=\"1\"><li class=\"kadence-blocks-gallery-item\"><div class=\"kadence-blocks-gallery-item-inner\"><figure class=\"kb-gallery-figure kadence-blocks-gallery-item-hide-caption\"><div class=\"kb-gal-image-radius\" style=\"max-width:300px;\"><div class=\"kb-gallery-image-contain kadence-blocks-gallery-intrinsic\" style=\"padding-bottom:23%;\"><img loading=\"lazy\" decoding=\"async\" src=\"https:\/\/sites.abo.fi\/massiw\/wp-content\/uploads\/sites\/27\/2026\/01\/RegionVasterbotten-300x69.png\" width=\"300\" height=\"69\" alt=\"\" data-full-image=\"https:\/\/sites.abo.fi\/massiw\/wp-content\/uploads\/sites\/27\/2026\/01\/RegionVasterbotten.png\" data-light-image=\"https:\/\/sites.abo.fi\/massiw\/wp-content\/uploads\/sites\/27\/2026\/01\/RegionVasterbotten.png\" data-id=\"1164\" class=\"wp-image-1164\" srcset=\"https:\/\/sites.abo.fi\/massiw\/wp-content\/uploads\/sites\/27\/2026\/01\/RegionVasterbotten-300x69.png 300w, https:\/\/sites.abo.fi\/massiw\/wp-content\/uploads\/sites\/27\/2026\/01\/RegionVasterbotten.png 700w\" sizes=\"auto, (max-width: 300px) 100vw, 300px\" \/><\/div><\/div><\/figure><\/div><\/li><li class=\"kadence-blocks-gallery-item\"><div class=\"kadence-blocks-gallery-item-inner\"><figure class=\"kb-gallery-figure kadence-blocks-gallery-item-hide-caption\"><div class=\"kb-gal-image-radius\" style=\"max-width:300px;\"><div class=\"kb-gallery-image-contain kadence-blocks-gallery-intrinsic\" style=\"padding-bottom:62%;\"><img loading=\"lazy\" decoding=\"async\" src=\"https:\/\/sites.abo.fi\/massiw\/wp-content\/uploads\/sites\/27\/2026\/01\/lapland-about-300x186.png\" width=\"300\" height=\"186\" alt=\"\" data-full-image=\"https:\/\/sites.abo.fi\/massiw\/wp-content\/uploads\/sites\/27\/2026\/01\/lapland-about.png\" data-light-image=\"https:\/\/sites.abo.fi\/massiw\/wp-content\/uploads\/sites\/27\/2026\/01\/lapland-about.png\" data-id=\"1163\" class=\"wp-image-1163\" srcset=\"https:\/\/sites.abo.fi\/massiw\/wp-content\/uploads\/sites\/27\/2026\/01\/lapland-about-300x186.png 300w, https:\/\/sites.abo.fi\/massiw\/wp-content\/uploads\/sites\/27\/2026\/01\/lapland-about-1024x635.png 1024w, https:\/\/sites.abo.fi\/massiw\/wp-content\/uploads\/sites\/27\/2026\/01\/lapland-about-768x476.png 768w, https:\/\/sites.abo.fi\/massiw\/wp-content\/uploads\/sites\/27\/2026\/01\/lapland-about.png 1198w\" sizes=\"auto, (max-width: 300px) 100vw, 300px\" \/><\/div><\/div><\/figure><\/div><\/li><li class=\"kadence-blocks-gallery-item\"><div class=\"kadence-blocks-gallery-item-inner\"><figure class=\"kb-gallery-figure kadence-blocks-gallery-item-hide-caption\"><div class=\"kb-gal-image-radius\" style=\"max-width:300px;\"><div class=\"kb-gallery-image-contain kadence-blocks-gallery-intrinsic\" style=\"padding-bottom:39%;\"><img loading=\"lazy\" decoding=\"async\" src=\"https:\/\/sites.abo.fi\/massiw\/wp-content\/uploads\/sites\/27\/2026\/01\/hav-logo_sv_bla_500px-300x119.png\" width=\"300\" height=\"119\" alt=\"\" data-full-image=\"https:\/\/sites.abo.fi\/massiw\/wp-content\/uploads\/sites\/27\/2026\/01\/hav-logo_sv_bla_500px.png\" data-light-image=\"https:\/\/sites.abo.fi\/massiw\/wp-content\/uploads\/sites\/27\/2026\/01\/hav-logo_sv_bla_500px.png\" data-id=\"1165\" class=\"wp-image-1165\" srcset=\"https:\/\/sites.abo.fi\/massiw\/wp-content\/uploads\/sites\/27\/2026\/01\/hav-logo_sv_bla_500px-300x119.png 300w, https:\/\/sites.abo.fi\/massiw\/wp-content\/uploads\/sites\/27\/2026\/01\/hav-logo_sv_bla_500px.png 500w\" sizes=\"auto, (max-width: 300px) 100vw, 300px\" \/><\/div><\/div><\/figure><\/div><\/li><\/ul><\/div><\/div>\n<\/div>\n<\/div><\/div>\n\n\n\n<hr class=\"wp-block-separator has-alpha-channel-opacity\" \/>\n\n\n<style>.kadence-column942_48e6f7-33 > .kt-inside-inner-col,.kadence-column942_48e6f7-33 > .kt-inside-inner-col:before{border-top-left-radius:0px;border-top-right-radius:0px;border-bottom-right-radius:0px;border-bottom-left-radius:0px;}.kadence-column942_48e6f7-33 > .kt-inside-inner-col{column-gap:var(--global-kb-gap-sm, 1rem);}.kadence-column942_48e6f7-33 > .kt-inside-inner-col{flex-direction:column;}.kadence-column942_48e6f7-33 > .kt-inside-inner-col > .aligncenter{width:100%;}.kadence-column942_48e6f7-33 > .kt-inside-inner-col:before{opacity:0.3;}.kadence-column942_48e6f7-33{position:relative;}@media all and (max-width: 1024px){.kadence-column942_48e6f7-33 > .kt-inside-inner-col{flex-direction:column;justify-content:center;}}@media all and (max-width: 767px){.kadence-column942_48e6f7-33 > .kt-inside-inner-col{flex-direction:column;justify-content:center;}}<\/style>\n<div class=\"wp-block-kadence-column kadence-column942_48e6f7-33\"><div class=\"kt-inside-inner-col\">\n<div class=\"wp-block-group\"><div class=\"wp-block-group__inner-container is-layout-constrained wp-block-group-is-layout-constrained\">\n<div class=\"wp-block-columns is-layout-flex wp-container-core-columns-is-layout-9d6595d7 wp-block-columns-is-layout-flex\">\n<div class=\"wp-block-column is-vertically-aligned-center is-layout-flow wp-block-column-is-layout-flow\" style=\"flex-basis:100%\"><style>.wp-block-kadence-advancedgallery .kb-gallery-type-masonry.kb-gallery-id-942_8bac61-8f{margin:-24.5px;}.kb-gallery-type-masonry.kb-gallery-id-942_8bac61-8f .kadence-blocks-gallery-item{padding:24.5px;}.kb-gallery-id-942_8bac61-8f .kadence-blocks-gallery-item .kb-gal-image-radius, .kb-gallery-id-942_8bac61-8f .kb-slide-item .kb-gal-image-radius img{border-radius:0px 0px 0px 0px;;}<\/style><div class=\"kb-gallery-wrap-id-942_8bac61-8f alignnone wp-block-kadence-advancedgallery\"><ul class=\"kb-gallery-ul kb-gallery-non-static kb-gallery-type-masonry kb-masonry-init kb-gallery-id-942_8bac61-8f kb-gallery-caption-style-bottom-hover kb-gallery-filter-none\" data-image-filter=\"none\" data-item-selector=\".kadence-blocks-gallery-item\" data-lightbox-caption=\"true\" data-columns-xxl=\"6\" data-columns-xl=\"6\" data-columns-md=\"6\" data-columns-sm=\"4\" data-columns-xs=\"4\" data-columns-ss=\"3\"><li class=\"kadence-blocks-gallery-item\"><div class=\"kadence-blocks-gallery-item-inner\"><figure class=\"kb-gallery-figure kadence-blocks-gallery-item-hide-caption\"><div class=\"kb-gal-image-radius\" style=\"max-width:155px;\"><div class=\"kb-gallery-image-contain kadence-blocks-gallery-intrinsic\" style=\"padding-bottom:100%;\"><img loading=\"lazy\" decoding=\"async\" src=\"https:\/\/sites.abo.fi\/massiw\/wp-content\/uploads\/sites\/27\/2025\/11\/AboAkademi.png\" width=\"155\" height=\"155\" alt=\"\" data-full-image=\"https:\/\/sites.abo.fi\/massiw\/wp-content\/uploads\/sites\/27\/2025\/11\/AboAkademi.png\" data-light-image=\"https:\/\/sites.abo.fi\/massiw\/wp-content\/uploads\/sites\/27\/2025\/11\/AboAkademi.png\" data-id=\"943\" class=\"wp-image-943\" srcset=\"https:\/\/sites.abo.fi\/massiw\/wp-content\/uploads\/sites\/27\/2025\/11\/AboAkademi.png 155w, https:\/\/sites.abo.fi\/massiw\/wp-content\/uploads\/sites\/27\/2025\/11\/AboAkademi-150x150.png 150w\" sizes=\"auto, (max-width: 155px) 100vw, 155px\" \/><\/div><\/div><\/figure><\/div><\/li><li class=\"kadence-blocks-gallery-item\"><div class=\"kadence-blocks-gallery-item-inner\"><figure class=\"kb-gallery-figure kadence-blocks-gallery-item-hide-caption\"><div class=\"kb-gal-image-radius\" style=\"max-width:152px;\"><div class=\"kb-gallery-image-contain kadence-blocks-gallery-intrinsic\" style=\"padding-bottom:30%;\"><img loading=\"lazy\" decoding=\"async\" src=\"https:\/\/sites.abo.fi\/massiw\/wp-content\/uploads\/sites\/27\/2025\/11\/GTK.jpg\" width=\"152\" height=\"46\" alt=\"\" data-full-image=\"https:\/\/sites.abo.fi\/massiw\/wp-content\/uploads\/sites\/27\/2025\/11\/GTK.jpg\" data-light-image=\"https:\/\/sites.abo.fi\/massiw\/wp-content\/uploads\/sites\/27\/2025\/11\/GTK.jpg\" data-id=\"945\" class=\"wp-image-945\" srcset=\"https:\/\/sites.abo.fi\/massiw\/wp-content\/uploads\/sites\/27\/2025\/11\/GTK.jpg 152w, https:\/\/sites.abo.fi\/massiw\/wp-content\/uploads\/sites\/27\/2025\/11\/GTK-150x46.jpg 150w\" sizes=\"auto, (max-width: 152px) 100vw, 152px\" \/><\/div><\/div><\/figure><\/div><\/li><li class=\"kadence-blocks-gallery-item\"><div class=\"kadence-blocks-gallery-item-inner\"><figure class=\"kb-gallery-figure kadence-blocks-gallery-item-hide-caption\"><div class=\"kb-gal-image-radius\" style=\"max-width:709px;\"><div class=\"kb-gallery-image-contain kadence-blocks-gallery-intrinsic\" style=\"padding-bottom:44%;\"><img loading=\"lazy\" decoding=\"async\" src=\"https:\/\/sites.abo.fi\/massiw\/wp-content\/uploads\/sites\/27\/2026\/03\/Lst_Vasterbotten_PRIMAR_farg.png\" width=\"709\" height=\"316\" alt=\"\" data-full-image=\"https:\/\/sites.abo.fi\/massiw\/wp-content\/uploads\/sites\/27\/2026\/03\/Lst_Vasterbotten_PRIMAR_farg.png\" data-light-image=\"https:\/\/sites.abo.fi\/massiw\/wp-content\/uploads\/sites\/27\/2026\/03\/Lst_Vasterbotten_PRIMAR_farg.png\" data-id=\"1428\" class=\"wp-image-1428\" srcset=\"https:\/\/sites.abo.fi\/massiw\/wp-content\/uploads\/sites\/27\/2026\/03\/Lst_Vasterbotten_PRIMAR_farg.png 709w, https:\/\/sites.abo.fi\/massiw\/wp-content\/uploads\/sites\/27\/2026\/03\/Lst_Vasterbotten_PRIMAR_farg-300x134.png 300w\" sizes=\"auto, (max-width: 709px) 100vw, 709px\" \/><\/div><\/div><\/figure><\/div><\/li><li class=\"kadence-blocks-gallery-item\"><div class=\"kadence-blocks-gallery-item-inner\"><figure class=\"kb-gallery-figure kadence-blocks-gallery-item-hide-caption\"><div class=\"kb-gal-image-radius\" style=\"max-width:314px;\"><div class=\"kb-gallery-image-contain kadence-blocks-gallery-intrinsic\" style=\"padding-bottom:15%;\"><img loading=\"lazy\" decoding=\"async\" src=\"https:\/\/sites.abo.fi\/massiw\/wp-content\/uploads\/sites\/27\/2025\/11\/LNU.png\" width=\"314\" height=\"48\" alt=\"\" data-full-image=\"https:\/\/sites.abo.fi\/massiw\/wp-content\/uploads\/sites\/27\/2025\/11\/LNU.png\" data-light-image=\"https:\/\/sites.abo.fi\/massiw\/wp-content\/uploads\/sites\/27\/2025\/11\/LNU.png\" data-id=\"946\" class=\"wp-image-946\" srcset=\"https:\/\/sites.abo.fi\/massiw\/wp-content\/uploads\/sites\/27\/2025\/11\/LNU.png 314w, https:\/\/sites.abo.fi\/massiw\/wp-content\/uploads\/sites\/27\/2025\/11\/LNU-300x46.png 300w\" sizes=\"auto, (max-width: 314px) 100vw, 314px\" \/><\/div><\/div><\/figure><\/div><\/li><li class=\"kadence-blocks-gallery-item\"><div class=\"kadence-blocks-gallery-item-inner\"><figure class=\"kb-gallery-figure kadence-blocks-gallery-item-hide-caption\"><div class=\"kb-gal-image-radius\" style=\"max-width:1766px;\"><div class=\"kb-gallery-image-contain kadence-blocks-gallery-intrinsic\" style=\"padding-bottom:44%;\"><img loading=\"lazy\" decoding=\"async\" src=\"https:\/\/sites.abo.fi\/massiw\/wp-content\/uploads\/sites\/27\/2026\/02\/EVK_Logot_RGB_SV_varillinen_tumma_keskitetty.png\" width=\"1766\" height=\"790\" alt=\"\" data-full-image=\"https:\/\/sites.abo.fi\/massiw\/wp-content\/uploads\/sites\/27\/2026\/02\/EVK_Logot_RGB_SV_varillinen_tumma_keskitetty.png\" data-light-image=\"https:\/\/sites.abo.fi\/massiw\/wp-content\/uploads\/sites\/27\/2026\/02\/EVK_Logot_RGB_SV_varillinen_tumma_keskitetty.png\" data-id=\"1232\" class=\"wp-image-1232\" srcset=\"https:\/\/sites.abo.fi\/massiw\/wp-content\/uploads\/sites\/27\/2026\/02\/EVK_Logot_RGB_SV_varillinen_tumma_keskitetty.png 1766w, https:\/\/sites.abo.fi\/massiw\/wp-content\/uploads\/sites\/27\/2026\/02\/EVK_Logot_RGB_SV_varillinen_tumma_keskitetty-300x134.png 300w, https:\/\/sites.abo.fi\/massiw\/wp-content\/uploads\/sites\/27\/2026\/02\/EVK_Logot_RGB_SV_varillinen_tumma_keskitetty-1024x458.png 1024w, https:\/\/sites.abo.fi\/massiw\/wp-content\/uploads\/sites\/27\/2026\/02\/EVK_Logot_RGB_SV_varillinen_tumma_keskitetty-768x344.png 768w, https:\/\/sites.abo.fi\/massiw\/wp-content\/uploads\/sites\/27\/2026\/02\/EVK_Logot_RGB_SV_varillinen_tumma_keskitetty-1536x687.png 1536w\" sizes=\"auto, (max-width: 1766px) 100vw, 1766px\" \/><\/div><\/div><\/figure><\/div><\/li><li class=\"kadence-blocks-gallery-item\"><div class=\"kadence-blocks-gallery-item-inner\"><figure class=\"kb-gallery-figure kadence-blocks-gallery-item-hide-caption\"><div class=\"kb-gal-image-radius\" style=\"max-width:94px;\"><div class=\"kb-gallery-image-contain kadence-blocks-gallery-intrinsic\" style=\"padding-bottom:109%;\"><img loading=\"lazy\" decoding=\"async\" src=\"https:\/\/sites.abo.fi\/massiw\/wp-content\/uploads\/sites\/27\/2025\/11\/SGU.png\" width=\"94\" height=\"103\" alt=\"\" data-full-image=\"https:\/\/sites.abo.fi\/massiw\/wp-content\/uploads\/sites\/27\/2025\/11\/SGU.png\" data-light-image=\"https:\/\/sites.abo.fi\/massiw\/wp-content\/uploads\/sites\/27\/2025\/11\/SGU.png\" data-id=\"948\" class=\"wp-image-948\"\/><\/div><\/div><\/figure><\/div><\/li><\/ul><\/div><\/div>\n<\/div>\n<\/div><\/div>\n<\/div><\/div>\n\n\n\n<p><\/p>\n","protected":false},"excerpt":{"rendered":"<p>MASSIW (Developing acid sulfate soil management for improved water status) Budget och finansiering: Totalbudget 2 357 914 euro, varav 1 532 631 euro finansieras av EU via Interreg Aurora-programmet. Finansi\u00e4rer: Interreg Aurora, Lapplands f\u00f6rbund, Region V\u00e4sterbotten, Havs- och vattenmyndigheten. Samtliga projektpartners \u00e4r medfinansi\u00e4rer. Projektpartners: \u00c5bo Akademi (\u00c5A), Geologiska forskningscentralen (GTK), Livskraftscentralen i S\u00f6dra \u00d6sterbotten, Linn\u00e9universitetet,&#8230;<\/p>\n","protected":false},"author":27,"featured_media":0,"parent":0,"menu_order":0,"comment_status":"closed","ping_status":"closed","template":"","meta":{"_acf_changed":false,"inline_featured_image":false,"_kad_blocks_custom_css":"","_kad_blocks_head_custom_js":"","_kad_blocks_body_custom_js":"","_kad_blocks_footer_custom_js":"","_kad_post_transparent":"","_kad_post_title":"","_kad_post_layout":"normal","_kad_post_sidebar_id":"","_kad_post_content_style":"default","_kad_post_vertical_padding":"","_kad_post_feature":"","_kad_post_feature_position":"","_kad_post_header":false,"_kad_post_footer":false,"_kad_post_classname":"","footnotes":""},"class_list":["post-942","page","type-page","status-publish","hentry"],"acf":[],"lang":"sv","translations":{"sv":942,"en":981,"fi":983},"taxonomy_info":[],"featured_image_src_large":false,"author_info":{"display_name":"alexanym","author_link":"https:\/\/sites.abo.fi\/massiw\/author\/9-4\/"},"comment_info":0,"pll_sync_post":[],"_links":{"self":[{"href":"https:\/\/sites.abo.fi\/massiw\/wp-json\/wp\/v2\/pages\/942","targetHints":{"allow":["GET"]}}],"collection":[{"href":"https:\/\/sites.abo.fi\/massiw\/wp-json\/wp\/v2\/pages"}],"about":[{"href":"https:\/\/sites.abo.fi\/massiw\/wp-json\/wp\/v2\/types\/page"}],"author":[{"embeddable":true,"href":"https:\/\/sites.abo.fi\/massiw\/wp-json\/wp\/v2\/users\/27"}],"replies":[{"embeddable":true,"href":"https:\/\/sites.abo.fi\/massiw\/wp-json\/wp\/v2\/comments?post=942"}],"version-history":[{"count":32,"href":"https:\/\/sites.abo.fi\/massiw\/wp-json\/wp\/v2\/pages\/942\/revisions"}],"predecessor-version":[{"id":1430,"href":"https:\/\/sites.abo.fi\/massiw\/wp-json\/wp\/v2\/pages\/942\/revisions\/1430"}],"wp:attachment":[{"href":"https:\/\/sites.abo.fi\/massiw\/wp-json\/wp\/v2\/media?parent=942"}],"curies":[{"name":"wp","href":"https:\/\/api.w.org\/{rel}","templated":true}]}}