{"id":1245,"date":"2026-02-13T12:21:16","date_gmt":"2026-02-13T12:21:16","guid":{"rendered":"https:\/\/sites.abo.fi\/massiw\/?page_id=1245"},"modified":"2026-03-11T13:35:56","modified_gmt":"2026-03-11T13:35:56","slug":"omradet","status":"publish","type":"page","link":"https:\/\/sites.abo.fi\/massiw\/om-massiw\/omradet\/","title":{"rendered":"Projektomr\u00e5de"},"content":{"rendered":"<style>.kb-row-layout-id1245_237d44-d5 > .kt-row-column-wrap{align-content:center;}:where(.kb-row-layout-id1245_237d44-d5 > .kt-row-column-wrap) > .wp-block-kadence-column{justify-content:center;}.kb-row-layout-id1245_237d44-d5 > .kt-row-column-wrap{column-gap:var(--global-kb-gap-lg, 4rem);row-gap:var(--global-kb-gap-md, 2rem);max-width:var( --global-content-width, 1290px );padding-left:var(--global-content-edge-padding);padding-right:var(--global-content-edge-padding);padding-top:var(--global-kb-spacing-lg, 3rem);padding-bottom:var(--global-kb-spacing-lg, 3rem);grid-template-columns:minmax(0, 1fr);}.kb-row-layout-id1245_237d44-d5{background-image:linear-gradient(47deg,var(--global-palette9) 0%,rgb(218,239,252) 46%,var(--global-palette9) 100%);}.kb-row-layout-id1245_237d44-d5 > .kt-row-layout-overlay{opacity:0.30;}.kb-row-layout-id1245_237d44-d5 .kt-row-layout-bottom-sep{height:100px;}.kb-row-layout-id1245_237d44-d5 .kt-row-layout-bottom-sep svg{width:100%;}.kb-row-layout-id1245_237d44-d5 .kt-row-layout-bottom-sep svg{fill:#ffffff!important;}@media all and (max-width: 1024px){.kb-row-layout-id1245_237d44-d5 > .kt-row-column-wrap{grid-template-columns:minmax(0, 1fr);}}@media all and (max-width: 1024px){.kb-row-layout-id1245_237d44-d5 .kt-row-layout-bottom-sep{height:80px;}}@media all and (max-width: 1024px){.kb-row-layout-id1245_237d44-d5 .kt-row-layout-bottom-sep svg{width:%;}}@media all and (max-width: 767px){.kb-row-layout-id1245_237d44-d5 > .kt-row-column-wrap{padding-top:var(--global-kb-spacing-3xl, 6.5rem);padding-bottom:var(--global-kb-spacing-3xl, 6.5rem);grid-template-columns:minmax(0, 1fr);}.kb-row-layout-id1245_237d44-d5 .kt-row-layout-bottom-sep{height:60px;}.kb-row-layout-id1245_237d44-d5 .kt-row-layout-bottom-sep svg{width:%;}}<\/style><div class=\"kb-row-layout-wrap kb-row-layout-id1245_237d44-d5 alignfull has-theme-palette8-background-color kt-row-has-bg wp-block-kadence-rowlayout\"><div class=\"kt-row-column-wrap kt-has-1-columns kt-row-layout-equal kt-tab-layout-inherit kt-mobile-layout-row kt-row-valign-middle kb-theme-content-width\">\n<style>.kadence-column1245_78094c-97 > .kt-inside-inner-col{padding-top:var(--global-kb-spacing-xxl, 5rem);padding-bottom:var(--global-kb-spacing-xxl, 5rem);}.kadence-column1245_78094c-97 > .kt-inside-inner-col,.kadence-column1245_78094c-97 > .kt-inside-inner-col:before{border-top-left-radius:24px;border-top-right-radius:24px;border-bottom-right-radius:24px;border-bottom-left-radius:24px;}.kadence-column1245_78094c-97 > .kt-inside-inner-col{column-gap:var(--global-kb-gap-sm, 1rem);}.kadence-column1245_78094c-97 > .kt-inside-inner-col{flex-direction:column;}.kadence-column1245_78094c-97 > .kt-inside-inner-col > .aligncenter{width:100%;}.kadence-column1245_78094c-97 > .kt-inside-inner-col{background-color:var(--global-palette7, #EDF2F7);}.kadence-column1245_78094c-97 > .kt-inside-inner-col:before{opacity:0.3;background-image:url('https:\/\/sites.abo.fi\/massiw\/wp-content\/uploads\/sites\/27\/2026\/02\/IMG_8860-scaled.jpg');background-size:cover;background-position:52% 67%;background-attachment:scroll;background-repeat:no-repeat;}.kadence-column1245_78094c-97{position:relative;}@media all and (max-width: 1024px){.kadence-column1245_78094c-97 > .kt-inside-inner-col{flex-direction:column;justify-content:center;}}@media all and (max-width: 767px){.kadence-column1245_78094c-97 > .kt-inside-inner-col{flex-direction:column;justify-content:center;}}<\/style>\n<div class=\"wp-block-kadence-column kadence-column1245_78094c-97 kb-section-has-overlay inner-column-1\"><div class=\"kt-inside-inner-col\"><style>.wp-block-kadence-advancedheading.kt-adv-heading1245_caecb2-84, .wp-block-kadence-advancedheading.kt-adv-heading1245_caecb2-84[data-kb-block=\"kb-adv-heading1245_caecb2-84\"]{margin-top:0px;margin-bottom:var(--global-kb-spacing-sm, 1.5rem);text-align:center;font-size:var(--global-kb-font-size-lg, 2rem);line-height:1;font-style:normal;}.wp-block-kadence-advancedheading.kt-adv-heading1245_caecb2-84 mark.kt-highlight, .wp-block-kadence-advancedheading.kt-adv-heading1245_caecb2-84[data-kb-block=\"kb-adv-heading1245_caecb2-84\"] mark.kt-highlight{font-style:normal;color:#f76a0c;-webkit-box-decoration-break:clone;box-decoration-break:clone;padding-top:0px;padding-right:0px;padding-bottom:0px;padding-left:0px;}.wp-block-kadence-advancedheading.kt-adv-heading1245_caecb2-84 img.kb-inline-image, .wp-block-kadence-advancedheading.kt-adv-heading1245_caecb2-84[data-kb-block=\"kb-adv-heading1245_caecb2-84\"] img.kb-inline-image{width:150px;vertical-align:baseline;}@media all and (max-width: 1024px){.wp-block-kadence-advancedheading.kt-adv-heading1245_caecb2-84, .wp-block-kadence-advancedheading.kt-adv-heading1245_caecb2-84[data-kb-block=\"kb-adv-heading1245_caecb2-84\"]{font-size:80px;}}@media all and (max-width: 767px){.wp-block-kadence-advancedheading.kt-adv-heading1245_caecb2-84, .wp-block-kadence-advancedheading.kt-adv-heading1245_caecb2-84[data-kb-block=\"kb-adv-heading1245_caecb2-84\"]{font-size:40px;line-height:1.2;}}<\/style>\n<h2 class=\"kt-adv-heading1245_caecb2-84 wp-block-kadence-advancedheading has-theme-palette-3-color has-text-color\" data-kb-block=\"kb-adv-heading1245_caecb2-84\">Projektomr\u00e5de<\/h2>\n\n\n<style>.wp-block-kadence-advancedheading.kt-adv-heading1245_55c044-5a, .wp-block-kadence-advancedheading.kt-adv-heading1245_55c044-5a[data-kb-block=\"kb-adv-heading1245_55c044-5a\"]{max-width:550px;margin-right:auto;margin-left:auto;margin-bottom:var(--global-kb-spacing-sm, 1.5rem);text-align:center;font-style:normal;}.wp-block-kadence-advancedheading.kt-adv-heading1245_55c044-5a mark.kt-highlight, .wp-block-kadence-advancedheading.kt-adv-heading1245_55c044-5a[data-kb-block=\"kb-adv-heading1245_55c044-5a\"] mark.kt-highlight{font-style:normal;color:#f76a0c;-webkit-box-decoration-break:clone;box-decoration-break:clone;padding-top:0px;padding-right:0px;padding-bottom:0px;padding-left:0px;}.wp-block-kadence-advancedheading.kt-adv-heading1245_55c044-5a img.kb-inline-image, .wp-block-kadence-advancedheading.kt-adv-heading1245_55c044-5a[data-kb-block=\"kb-adv-heading1245_55c044-5a\"] img.kb-inline-image{width:150px;vertical-align:baseline;}<\/style>\n<p class=\"kt-adv-heading1245_55c044-5a wp-block-kadence-advancedheading\" data-kb-block=\"kb-adv-heading1245_55c044-5a\"><\/p>\n<\/div><\/div>\n\n<\/div><\/div>\n\n<style>.kb-row-layout-id1245_a6e62a-96 > .kt-row-column-wrap{align-content:start;}:where(.kb-row-layout-id1245_a6e62a-96 > .kt-row-column-wrap) > .wp-block-kadence-column{justify-content:start;}.kb-row-layout-id1245_a6e62a-96 > .kt-row-column-wrap{column-gap:var(--global-kb-gap-md, 2rem);row-gap:var(--global-kb-gap-lg, 4rem);max-width:var( --global-content-width, 1290px );padding-left:var(--global-content-edge-padding);padding-right:var(--global-content-edge-padding);padding-top:var(--global-kb-spacing-xl, 4rem);padding-bottom:var(--global-kb-spacing-xl, 4rem);grid-template-columns:minmax(0, 1fr);}.kb-row-layout-id1245_a6e62a-96 > .kt-row-layout-overlay{opacity:0.30;}@media all and (max-width: 1024px){.kb-row-layout-id1245_a6e62a-96 > .kt-row-column-wrap{grid-template-columns:minmax(0, 1fr);}}@media all and (max-width: 767px){.kb-row-layout-id1245_a6e62a-96 > .kt-row-column-wrap{grid-template-columns:minmax(0, 1fr);}}<\/style><div class=\"kb-row-layout-wrap kb-row-layout-id1245_a6e62a-96 alignfull has-theme-palette9-background-color kt-row-has-bg wp-block-kadence-rowlayout\"><div class=\"kt-row-column-wrap kt-has-1-columns kt-row-layout-equal kt-tab-layout-inherit kt-mobile-layout-row kt-row-valign-top kb-theme-content-width\">\n<style>.kadence-column1245_3bab25-59 > .kt-inside-inner-col,.kadence-column1245_3bab25-59 > .kt-inside-inner-col:before{border-top-left-radius:0px;border-top-right-radius:0px;border-bottom-right-radius:0px;border-bottom-left-radius:0px;}.kadence-column1245_3bab25-59 > .kt-inside-inner-col{column-gap:var(--global-kb-gap-sm, 1rem);}.kadence-column1245_3bab25-59 > .kt-inside-inner-col{flex-direction:column;}.kadence-column1245_3bab25-59 > .kt-inside-inner-col > .aligncenter{width:100%;}.kadence-column1245_3bab25-59 > .kt-inside-inner-col:before{opacity:0.3;}.kadence-column1245_3bab25-59{position:relative;}@media all and (max-width: 1024px){.kadence-column1245_3bab25-59 > .kt-inside-inner-col{flex-direction:column;justify-content:center;}}@media all and (max-width: 767px){.kadence-column1245_3bab25-59 > .kt-inside-inner-col{flex-direction:column;justify-content:center;}}<\/style>\n<div class=\"wp-block-kadence-column kadence-column1245_3bab25-59\"><div class=\"kt-inside-inner-col\"><style>.kb-row-layout-id1245_55246a-5b > .kt-row-column-wrap{align-content:start;}:where(.kb-row-layout-id1245_55246a-5b > .kt-row-column-wrap) > .wp-block-kadence-column{justify-content:start;}.kb-row-layout-id1245_55246a-5b > .kt-row-column-wrap{column-gap:var(--global-kb-gap-lg, 4rem);row-gap:var(--global-kb-gap-md, 2rem);max-width:var( --global-content-width, 1290px );padding-left:var(--global-content-edge-padding);padding-right:var(--global-content-edge-padding);padding-right:0px;padding-left:0px;min-height:572px;}.kb-row-layout-id1245_55246a-5b > .kt-row-column-wrap > div:not(.added-for-specificity){grid-column:initial;}.kb-row-layout-id1245_55246a-5b > .kt-row-column-wrap{grid-template-columns:repeat(3, minmax(0, 1fr));}.kb-row-layout-id1245_55246a-5b > .kt-row-layout-overlay{opacity:0.30;}@media all and (max-width: 1024px){.kb-row-layout-id1245_55246a-5b > .kt-row-column-wrap > div:not(.added-for-specificity){grid-column:initial;}}@media all and (max-width: 1024px){.kb-row-layout-id1245_55246a-5b > .kt-row-column-wrap{grid-template-columns:repeat(3, minmax(0, 1fr));}}@media all and (max-width: 767px){.kb-row-layout-id1245_55246a-5b > .kt-row-column-wrap > div:not(.added-for-specificity){grid-column:initial;}.kb-row-layout-id1245_55246a-5b > .kt-row-column-wrap{grid-template-columns:minmax(0, 1fr);}}<\/style><div class=\"kb-row-layout-wrap kb-row-layout-id1245_55246a-5b alignnone wp-block-kadence-rowlayout\"><div class=\"kt-row-column-wrap kt-has-3-columns kt-row-layout-equal kt-tab-layout-inherit kt-mobile-layout-row kt-row-valign-top kt-inner-column-height-full kb-theme-content-width\">\n<style>.kadence-column1245_3dbc4d-42 > .kt-inside-inner-col{display:flex;}.kadence-column1245_3dbc4d-42 > .kt-inside-inner-col,.kadence-column1245_3dbc4d-42 > .kt-inside-inner-col:before{border-top-left-radius:24px;border-top-right-radius:24px;border-bottom-right-radius:24px;border-bottom-left-radius:24px;}.kadence-column1245_3dbc4d-42 > .kt-inside-inner-col{column-gap:var(--global-kb-gap-sm, 1rem);}.kadence-column1245_3dbc4d-42 > .kt-inside-inner-col{flex-direction:column;justify-content:center;}.kadence-column1245_3dbc4d-42 > .kt-inside-inner-col > .aligncenter{width:100%;}.kt-row-column-wrap > .kadence-column1245_3dbc4d-42{align-self:center;}.kt-inner-column-height-full:not(.kt-has-1-columns) > .wp-block-kadence-column.kadence-column1245_3dbc4d-42{align-self:auto;}.kt-inner-column-height-full:not(.kt-has-1-columns) > .wp-block-kadence-column.kadence-column1245_3dbc4d-42 > .kt-inside-inner-col{flex-direction:column;justify-content:center;}.kadence-column1245_3dbc4d-42 > .kt-inside-inner-col{background-image:url('https:\/\/sites.abo.fi\/massiw\/wp-content\/uploads\/sites\/27\/2026\/02\/Oversikt_gardar_vattenprover-scaled.jpg');background-size:contain;background-position:center center;background-attachment:scroll;background-repeat:no-repeat;}.kadence-column1245_3dbc4d-42 > .kt-inside-inner-col:before{opacity:0.3;}.kadence-column1245_3dbc4d-42{position:relative;}@media all and (max-width: 1024px){.kt-row-column-wrap > .kadence-column1245_3dbc4d-42{align-self:center;}}@media all and (max-width: 1024px){.kt-inner-column-height-full:not(.kt-has-1-columns) > .wp-block-kadence-column.kadence-column1245_3dbc4d-42{align-self:auto;}}@media all and (max-width: 1024px){.kt-inner-column-height-full:not(.kt-has-1-columns) > .wp-block-kadence-column.kadence-column1245_3dbc4d-42 > .kt-inside-inner-col{flex-direction:column;justify-content:center;}}@media all and (max-width: 1024px){.kadence-column1245_3dbc4d-42 > .kt-inside-inner-col{flex-direction:column;justify-content:center;}}@media all and (max-width: 767px){.kt-row-column-wrap > .kadence-column1245_3dbc4d-42{align-self:center;}.kt-inner-column-height-full:not(.kt-has-1-columns) > .wp-block-kadence-column.kadence-column1245_3dbc4d-42{align-self:auto;}.kt-inner-column-height-full:not(.kt-has-1-columns) > .wp-block-kadence-column.kadence-column1245_3dbc4d-42 > .kt-inside-inner-col{flex-direction:column;justify-content:center;}.kadence-column1245_3dbc4d-42 > .kt-inside-inner-col{flex-direction:column;justify-content:center;}}<\/style>\n<div class=\"wp-block-kadence-column kadence-column1245_3dbc4d-42 kb-section-dir-vertical kb-section-md-dir-vertical\"><div class=\"kt-inside-inner-col\"><style>.wp-block-kadence-spacer.kt-block-spacer-1245_b5d4ea-85 .kt-block-spacer{height:400px;}.wp-block-kadence-spacer.kt-block-spacer-1245_b5d4ea-85 .kt-divider{border-top-width:1px;height:1px;border-top-color:#eee;width:80%;border-top-style:solid;}<\/style>\n<div class=\"wp-block-kadence-spacer aligncenter kt-block-spacer-1245_b5d4ea-85 kvs-lg-false\"><div class=\"kt-block-spacer kt-block-spacer-halign-center\"><\/div><\/div>\n<\/div><\/div>\n\n\n<style>.kadence-column1245_6ec06d-19 > .kt-inside-inner-col{display:flex;}.kadence-column1245_6ec06d-19 > .kt-inside-inner-col,.kadence-column1245_6ec06d-19 > .kt-inside-inner-col:before{border-top-left-radius:0px;border-top-right-radius:0px;border-bottom-right-radius:0px;border-bottom-left-radius:0px;}.kadence-column1245_6ec06d-19 > .kt-inside-inner-col{column-gap:var(--global-kb-gap-sm, 1rem);}.kadence-column1245_6ec06d-19 > .kt-inside-inner-col{flex-direction:column;justify-content:center;}.kadence-column1245_6ec06d-19 > .kt-inside-inner-col > .aligncenter{width:100%;}.kt-row-column-wrap > .kadence-column1245_6ec06d-19{align-self:center;}.kt-inner-column-height-full:not(.kt-has-1-columns) > .wp-block-kadence-column.kadence-column1245_6ec06d-19{align-self:auto;}.kt-inner-column-height-full:not(.kt-has-1-columns) > .wp-block-kadence-column.kadence-column1245_6ec06d-19 > .kt-inside-inner-col{flex-direction:column;justify-content:center;}.kadence-column1245_6ec06d-19 > .kt-inside-inner-col:before{opacity:0.3;}.kadence-column1245_6ec06d-19{position:relative;}@media all and (max-width: 1024px){.kt-row-column-wrap > .kadence-column1245_6ec06d-19{align-self:center;}}@media all and (max-width: 1024px){.kt-inner-column-height-full:not(.kt-has-1-columns) > .wp-block-kadence-column.kadence-column1245_6ec06d-19{align-self:auto;}}@media all and (max-width: 1024px){.kt-inner-column-height-full:not(.kt-has-1-columns) > .wp-block-kadence-column.kadence-column1245_6ec06d-19 > .kt-inside-inner-col{flex-direction:column;justify-content:center;}}@media all and (max-width: 1024px){.kadence-column1245_6ec06d-19{text-align:center;}}@media all and (max-width: 1024px){.kadence-column1245_6ec06d-19 > .kt-inside-inner-col{flex-direction:column;justify-content:center;}}@media all and (max-width: 767px){.kt-row-column-wrap > .kadence-column1245_6ec06d-19{align-self:center;}.kt-inner-column-height-full:not(.kt-has-1-columns) > .wp-block-kadence-column.kadence-column1245_6ec06d-19{align-self:auto;}.kt-inner-column-height-full:not(.kt-has-1-columns) > .wp-block-kadence-column.kadence-column1245_6ec06d-19 > .kt-inside-inner-col{flex-direction:column;justify-content:center;}.kadence-column1245_6ec06d-19 > .kt-inside-inner-col{flex-direction:column;justify-content:center;}}<\/style>\n<div class=\"wp-block-kadence-column kadence-column1245_6ec06d-19 kb-section-dir-vertical kb-section-md-dir-vertical\"><div class=\"kt-inside-inner-col\"><style>.wp-block-kadence-advancedheading.kt-adv-heading1245_599657-a1, .wp-block-kadence-advancedheading.kt-adv-heading1245_599657-a1[data-kb-block=\"kb-adv-heading1245_599657-a1\"]{margin-top:0px;margin-bottom:var(--global-kb-spacing-sm, 1.5rem);font-size:var(--global-kb-font-size-lg, 2rem);line-height:1.3;font-style:normal;}.wp-block-kadence-advancedheading.kt-adv-heading1245_599657-a1 mark.kt-highlight, .wp-block-kadence-advancedheading.kt-adv-heading1245_599657-a1[data-kb-block=\"kb-adv-heading1245_599657-a1\"] mark.kt-highlight{font-style:normal;color:#f76a0c;-webkit-box-decoration-break:clone;box-decoration-break:clone;padding-top:0px;padding-right:0px;padding-bottom:0px;padding-left:0px;}.wp-block-kadence-advancedheading.kt-adv-heading1245_599657-a1 img.kb-inline-image, .wp-block-kadence-advancedheading.kt-adv-heading1245_599657-a1[data-kb-block=\"kb-adv-heading1245_599657-a1\"] img.kb-inline-image{width:150px;vertical-align:baseline;}@media all and (max-width: 767px){.wp-block-kadence-advancedheading.kt-adv-heading1245_599657-a1, .wp-block-kadence-advancedheading.kt-adv-heading1245_599657-a1[data-kb-block=\"kb-adv-heading1245_599657-a1\"]{font-size:42px;}}<\/style>\n<h2 class=\"kt-adv-heading1245_599657-a1 wp-block-kadence-advancedheading has-theme-palette-3-color has-text-color\" data-kb-block=\"kb-adv-heading1245_599657-a1\">Gr\u00e4ns\u00f6verskridande projektomr\u00e5de<\/h2>\n\n\n<style>.wp-block-kadence-advancedheading.kt-adv-heading1245_ba14b9-94, .wp-block-kadence-advancedheading.kt-adv-heading1245_ba14b9-94[data-kb-block=\"kb-adv-heading1245_ba14b9-94\"]{margin-top:var(--global-kb-spacing-sm, 1.5rem);margin-bottom:0px;font-size:var(--global-kb-font-size-sm, 0.9rem);line-height:1.8;font-style:normal;}.wp-block-kadence-advancedheading.kt-adv-heading1245_ba14b9-94 mark.kt-highlight, .wp-block-kadence-advancedheading.kt-adv-heading1245_ba14b9-94[data-kb-block=\"kb-adv-heading1245_ba14b9-94\"] mark.kt-highlight{font-style:normal;color:#f76a0c;-webkit-box-decoration-break:clone;box-decoration-break:clone;padding-top:0px;padding-right:0px;padding-bottom:0px;padding-left:0px;}.wp-block-kadence-advancedheading.kt-adv-heading1245_ba14b9-94 img.kb-inline-image, .wp-block-kadence-advancedheading.kt-adv-heading1245_ba14b9-94[data-kb-block=\"kb-adv-heading1245_ba14b9-94\"] img.kb-inline-image{width:150px;vertical-align:baseline;}<\/style>\n<p class=\"kt-adv-heading1245_ba14b9-94 wp-block-kadence-advancedheading has-theme-palette-3-color has-text-color\" data-kb-block=\"kb-adv-heading1245_ba14b9-94\">Inom projektet f\u00f6ljes det med ett flertal g\u00e5rdar l\u00e4ngst kusten i Finland och Sverige, och tillsammans med mark\u00e4garna tas det fram och implementeras gemensamma vattenhush\u00e5llningsplaner som ska gynna b\u00e5de milj\u00f6n och markanv\u00e4ndaren.<br><br>Genom att studera aktiviteterna vid dessa g\u00e5rder och f\u00f6lja med jordarna, vattendragen och milj\u00f6processerna fortskrider p\u00e5 olika omr\u00e5den, s\u00e5 kommer det i framtiden kunna bed\u00f6mas hur stor milj\u00f6p\u00e5verkan och f\u00f6rsurningen skulle bli ifall grundvattenniv\u00e5n sjunker ytterligare.<\/p>\n<\/div><\/div>\n\n\n<style>.kadence-column1245_c9a886-99 > .kt-inside-inner-col{display:flex;}.kadence-column1245_c9a886-99 > .kt-inside-inner-col,.kadence-column1245_c9a886-99 > .kt-inside-inner-col:before{border-top-left-radius:24px;border-top-right-radius:24px;border-bottom-right-radius:24px;border-bottom-left-radius:24px;}.kadence-column1245_c9a886-99 > .kt-inside-inner-col{column-gap:var(--global-kb-gap-sm, 1rem);}.kadence-column1245_c9a886-99 > .kt-inside-inner-col{flex-direction:column;justify-content:center;}.kadence-column1245_c9a886-99 > .kt-inside-inner-col > .aligncenter{width:100%;}.kt-row-column-wrap > .kadence-column1245_c9a886-99{align-self:center;}.kt-inner-column-height-full:not(.kt-has-1-columns) > .wp-block-kadence-column.kadence-column1245_c9a886-99{align-self:auto;}.kt-inner-column-height-full:not(.kt-has-1-columns) > .wp-block-kadence-column.kadence-column1245_c9a886-99 > .kt-inside-inner-col{flex-direction:column;justify-content:center;}.kadence-column1245_c9a886-99 > .kt-inside-inner-col{background-image:url('https:\/\/sites.abo.fi\/massiw\/wp-content\/uploads\/sites\/27\/2026\/02\/Fig_2-Copy-2-Copy-scaled.jpg');background-size:contain;background-position:center center;background-attachment:scroll;background-repeat:no-repeat;}.kadence-column1245_c9a886-99 > .kt-inside-inner-col:before{opacity:0.3;}.kadence-column1245_c9a886-99{position:relative;}@media all and (max-width: 1024px){.kt-row-column-wrap > .kadence-column1245_c9a886-99{align-self:center;}}@media all and (max-width: 1024px){.kt-inner-column-height-full:not(.kt-has-1-columns) > .wp-block-kadence-column.kadence-column1245_c9a886-99{align-self:auto;}}@media all and (max-width: 1024px){.kt-inner-column-height-full:not(.kt-has-1-columns) > .wp-block-kadence-column.kadence-column1245_c9a886-99 > .kt-inside-inner-col{flex-direction:column;justify-content:center;}}@media all and (max-width: 1024px){.kadence-column1245_c9a886-99 > .kt-inside-inner-col{flex-direction:column;justify-content:center;}}@media all and (max-width: 767px){.kt-row-column-wrap > .kadence-column1245_c9a886-99{align-self:center;}.kt-inner-column-height-full:not(.kt-has-1-columns) > .wp-block-kadence-column.kadence-column1245_c9a886-99{align-self:auto;}.kt-inner-column-height-full:not(.kt-has-1-columns) > .wp-block-kadence-column.kadence-column1245_c9a886-99 > .kt-inside-inner-col{flex-direction:column;justify-content:center;}.kadence-column1245_c9a886-99 > .kt-inside-inner-col{flex-direction:column;justify-content:center;}}<\/style>\n<div class=\"wp-block-kadence-column kadence-column1245_c9a886-99 inner-column-2\"><div class=\"kt-inside-inner-col\"><style>.wp-block-kadence-spacer.kt-block-spacer-1245_dc26a7-c4 .kt-block-spacer{height:400px;}.wp-block-kadence-spacer.kt-block-spacer-1245_dc26a7-c4 .kt-divider{border-top-width:1px;height:1px;border-top-color:#eee;width:80%;border-top-style:solid;}<\/style>\n<div class=\"wp-block-kadence-spacer aligncenter kt-block-spacer-1245_dc26a7-c4 kvs-lg-false\"><div class=\"kt-block-spacer kt-block-spacer-halign-center\"><\/div><\/div>\n<\/div><\/div>\n\n<\/div><\/div><\/div><\/div>\n\n<\/div><\/div>","protected":false},"excerpt":{"rendered":"<p>Projektomr\u00e5de Gr\u00e4ns\u00f6verskridande projektomr\u00e5de Inom projektet f\u00f6ljes det med ett flertal g\u00e5rdar l\u00e4ngst kusten i Finland och Sverige, och tillsammans med mark\u00e4garna tas det fram och implementeras gemensamma vattenhush\u00e5llningsplaner som ska gynna b\u00e5de milj\u00f6n och markanv\u00e4ndaren. Genom att studera aktiviteterna vid dessa g\u00e5rder och f\u00f6lja med jordarna, vattendragen och milj\u00f6processerna fortskrider p\u00e5 olika omr\u00e5den, s\u00e5 kommer&#8230;<\/p>\n","protected":false},"author":27,"featured_media":0,"parent":954,"menu_order":0,"comment_status":"closed","ping_status":"closed","template":"","meta":{"_acf_changed":false,"inline_featured_image":false,"_kad_blocks_custom_css":"","_kad_blocks_head_custom_js":"","_kad_blocks_body_custom_js":"","_kad_blocks_footer_custom_js":"","_kad_post_transparent":"","_kad_post_title":"","_kad_post_layout":"normal","_kad_post_sidebar_id":"","_kad_post_content_style":"","_kad_post_vertical_padding":"","_kad_post_feature":"","_kad_post_feature_position":"","_kad_post_header":false,"_kad_post_footer":false,"_kad_post_classname":"","footnotes":""},"class_list":["post-1245","page","type-page","status-publish","hentry"],"acf":[],"lang":"sv","translations":{"sv":1245},"taxonomy_info":[],"featured_image_src_large":false,"author_info":{"display_name":"alexanym","author_link":"https:\/\/sites.abo.fi\/massiw\/author\/9-4\/"},"comment_info":0,"pll_sync_post":[],"_links":{"self":[{"href":"https:\/\/sites.abo.fi\/massiw\/wp-json\/wp\/v2\/pages\/1245","targetHints":{"allow":["GET"]}}],"collection":[{"href":"https:\/\/sites.abo.fi\/massiw\/wp-json\/wp\/v2\/pages"}],"about":[{"href":"https:\/\/sites.abo.fi\/massiw\/wp-json\/wp\/v2\/types\/page"}],"author":[{"embeddable":true,"href":"https:\/\/sites.abo.fi\/massiw\/wp-json\/wp\/v2\/users\/27"}],"replies":[{"embeddable":true,"href":"https:\/\/sites.abo.fi\/massiw\/wp-json\/wp\/v2\/comments?post=1245"}],"version-history":[{"count":21,"href":"https:\/\/sites.abo.fi\/massiw\/wp-json\/wp\/v2\/pages\/1245\/revisions"}],"predecessor-version":[{"id":1434,"href":"https:\/\/sites.abo.fi\/massiw\/wp-json\/wp\/v2\/pages\/1245\/revisions\/1434"}],"up":[{"embeddable":true,"href":"https:\/\/sites.abo.fi\/massiw\/wp-json\/wp\/v2\/pages\/954"}],"wp:attachment":[{"href":"https:\/\/sites.abo.fi\/massiw\/wp-json\/wp\/v2\/media?parent=1245"}],"curies":[{"name":"wp","href":"https:\/\/api.w.org\/{rel}","templated":true}]}}