{"id":1204,"date":"2026-02-02T08:30:32","date_gmt":"2026-02-02T08:30:32","guid":{"rendered":"https:\/\/sites.abo.fi\/massiw\/?page_id=1204"},"modified":"2026-03-06T06:27:09","modified_gmt":"2026-03-06T06:27:09","slug":"material","status":"publish","type":"page","link":"https:\/\/sites.abo.fi\/massiw\/material\/","title":{"rendered":"Material"},"content":{"rendered":"\n<h2 class=\"wp-block-heading\">L\u00e4nkar<\/h2>\n\n\n\n<ul class=\"wp-block-list\">\n<li>Sura sulfatjordar och milj\u00f6n\n<ul class=\"wp-block-list\">\n<li><a href=\"https:\/\/www.sgu.se\/samhallsplanering\/risker\/sulfidjordar-en-potentiell-miljobov\/\" target=\"_blank\" rel=\"noreferrer noopener\">Sura sulfatjord &#8211; en potentiell milj\u00f6bov<\/a><\/li>\n\n\n\n<li><a href=\"https:\/\/www.sgu.se\/anvandarstod-for-geologiska-fragor\/hur-man-kanner-igen-och-undersoker-sur-sulfatjord\/\" target=\"_blank\" rel=\"noreferrer noopener\">Hur man k\u00e4nner igen en sur sulfatjord<\/a><\/li>\n\n\n\n<li><a href=\"https:\/\/www.doria.fi\/handle\/10024\/193722\" target=\"_blank\" rel=\"noreferrer noopener\">Guide f\u00f6r planering och genomf\u00f6rande av dikning p\u00e5 sura sulfatjordar<\/a><\/li>\n\n\n\n<li><a href=\"https:\/\/apps.sgu.se\/kartvisare\/kartvisare-sur-sulfatjord.html\" target=\"_blank\" rel=\"noreferrer noopener\">Hitta sura sulfatjordar i Sverige<\/a><\/li>\n\n\n\n<li><a href=\"https:\/\/gtkdata.gtk.fi\/Hasu\/\" target=\"_blank\" rel=\"noreferrer noopener\">Hitta sura sulfatjordar i Finland<\/a> (p\u00e5 finska)<\/li>\n\n\n\n<li><a href=\"https:\/\/www.vesi.fi\/sv\/\" target=\"_blank\" rel=\"noreferrer noopener\">Mera om vatten i Finland<\/a><\/li>\n<\/ul>\n<\/li>\n\n\n\n<li>Projektpartners hemsidor\n<ul class=\"wp-block-list\">\n<li><a href=\"https:\/\/www.abo.fi\/projekt\/developing-water-management-strategies-in-catchments-with-acid-sulfate-soils\/\" target=\"_blank\" rel=\"noreferrer noopener\">\u00c5bo Akademi<\/a><\/li>\n\n\n\n<li><a href=\"https:\/\/www.gtk.fi\/en\/research-project\/project-name-developing-acid-sulfate-soil-management-for-improved-water-status-massiw\/\" target=\"_blank\" rel=\"noreferrer noopener\">Geologiska forskningscentralen<\/a><\/li>\n\n\n\n<li><a href=\"https:\/\/www.lansstyrelsen.se\/vasterbotten\/om-oss\/nyheter-och-press\/nyheter---vasterbotten\/2025-04-21-start-for-gransoverskridande-projekt-for-minskad-miljobelastning.html\" target=\"_blank\" rel=\"noreferrer noopener\">L\u00e4nsstyrelsen<\/a><\/li>\n\n\n\n<li><a href=\"https:\/\/lnu.se\/forskning\/forskningsprojekt\/projekt-massiw--utveckling-av-strategier-for-hantering-av-sura-sulfatjordar-for-forbattrad-vattenstatus\/\" target=\"_blank\" rel=\"noreferrer noopener\">Linn\u00e9universitetet<\/a><\/li>\n\n\n\n<li><a href=\"https:\/\/elinvoimakeskus.fi\/sv\/sodra-osterbotten\">Livskraftscentralen i S\u00f6dra \u00d6sterbotten<\/a><\/li>\n\n\n\n<li><a href=\"https:\/\/www.sgu.se\/om-sgu\/nyheter\/2025\/maj\/sura-sulfatjordar-kan-orsaka-fiskdod-nytt-gransoverskridande-projekt-ska-bidra-till-friskare-vatten\/?_t_id=9RNjIsiGqT3c_V3Ym12BMA%3d%3d&amp;_t_uuid=HfTjcJnTQD2zq2vse5_i9A&amp;_t_q=MASSIW&amp;_t_tags=siteid%3ad78b016e-2a51-437d-a75a-657400cdd11c%2clanguage%3asv%2candquerymatch&amp;_t_hit.id=SGU_Models_Pages_ArticlePage\/_1cf76971-c9c4-47d5-a345-8261b468fb36_sv&amp;_t_hit.pos=1\">Sveriges Geologiska Unders\u00f6kning<\/a><\/li>\n<\/ul>\n<\/li>\n\n\n\n<li><a href=\"https:\/\/www.instagram.com\/massiw2028\/\" target=\"_blank\" rel=\"noreferrer noopener\">Hitta MASSIW p\u00e5 Instagram<\/a><\/li>\n\n\n\n<li><a href=\"https:\/\/www.interregaurora.eu\/approved-projects\/massiw\/\" target=\"_blank\" rel=\"noreferrer noopener\">Mera om MASSIW via Intereg Aurora<\/a><\/li>\n<\/ul>\n\n\n\n<h2 class=\"wp-block-heading\">Nerladdnigsbara resurser<\/h2>\n\n\n\n<div class=\"wp-block-file\"><a id=\"wp-block-file--media-c6c325d7-b0a7-4496-aa69-658863758427\" href=\"https:\/\/sites.abo.fi\/massiw\/wp-content\/uploads\/sites\/27\/2025\/11\/Picture1.svg\">MASSIW logo (svg)<\/a><a href=\"https:\/\/sites.abo.fi\/massiw\/wp-content\/uploads\/sites\/27\/2025\/11\/Picture1.svg\" class=\"wp-block-file__button wp-element-button\" download aria-describedby=\"wp-block-file--media-c6c325d7-b0a7-4496-aa69-658863758427\">Download<\/a><\/div>\n\n\n\n<p><\/p>\n","protected":false},"excerpt":{"rendered":"<p>L\u00e4nkar Nerladdnigsbara resurser<\/p>\n","protected":false},"author":27,"featured_media":0,"parent":0,"menu_order":0,"comment_status":"closed","ping_status":"closed","template":"","meta":{"_acf_changed":false,"inline_featured_image":false,"_kad_blocks_custom_css":"","_kad_blocks_head_custom_js":"","_kad_blocks_body_custom_js":"","_kad_blocks_footer_custom_js":"","_kad_post_transparent":"","_kad_post_title":"","_kad_post_layout":"","_kad_post_sidebar_id":"","_kad_post_content_style":"","_kad_post_vertical_padding":"","_kad_post_feature":"","_kad_post_feature_position":"","_kad_post_header":false,"_kad_post_footer":false,"_kad_post_classname":"","footnotes":""},"class_list":["post-1204","page","type-page","status-publish","hentry"],"acf":[],"lang":"sv","translations":{"sv":1204},"taxonomy_info":[],"featured_image_src_large":false,"author_info":{"display_name":"alexanym","author_link":"https:\/\/sites.abo.fi\/massiw\/author\/9-4\/"},"comment_info":0,"pll_sync_post":[],"_links":{"self":[{"href":"https:\/\/sites.abo.fi\/massiw\/wp-json\/wp\/v2\/pages\/1204","targetHints":{"allow":["GET"]}}],"collection":[{"href":"https:\/\/sites.abo.fi\/massiw\/wp-json\/wp\/v2\/pages"}],"about":[{"href":"https:\/\/sites.abo.fi\/massiw\/wp-json\/wp\/v2\/types\/page"}],"author":[{"embeddable":true,"href":"https:\/\/sites.abo.fi\/massiw\/wp-json\/wp\/v2\/users\/27"}],"replies":[{"embeddable":true,"href":"https:\/\/sites.abo.fi\/massiw\/wp-json\/wp\/v2\/comments?post=1204"}],"version-history":[{"count":4,"href":"https:\/\/sites.abo.fi\/massiw\/wp-json\/wp\/v2\/pages\/1204\/revisions"}],"predecessor-version":[{"id":1396,"href":"https:\/\/sites.abo.fi\/massiw\/wp-json\/wp\/v2\/pages\/1204\/revisions\/1396"}],"wp:attachment":[{"href":"https:\/\/sites.abo.fi\/massiw\/wp-json\/wp\/v2\/media?parent=1204"}],"curies":[{"name":"wp","href":"https:\/\/api.w.org\/{rel}","templated":true}]}}