{"id":2078,"date":"2024-12-16T00:22:40","date_gmt":"2024-12-15T21:22:40","guid":{"rendered":"https:\/\/sites.abo.fi\/centre-for-sustainable-ocean-science\/?page_id=2078"},"modified":"2025-01-22T00:33:34","modified_gmt":"2025-01-21T21:33:34","slug":"sos-tacklar-havsforskningens-lomska-problem","status":"publish","type":"page","link":"https:\/\/sites.abo.fi\/centre-for-sustainable-ocean-science\/publications\/sos-tacklar-havsforskningens-lomska-problem\/","title":{"rendered":"SOS tacklar havsforskningens l\u00f6mska problem"},"content":{"rendered":"\n<h1 class=\"wp-block-heading has-theme-palette-1-color has-text-color has-link-color wp-elements-0c079c8f0c078afcd2c59c1d4ae848af\">SOS tacklar havsforskningens l\u00f6mska problem<\/h1>\n\n\n\n<h2 class=\"wp-block-heading has-medium-font-size\">Tidskriften Sk\u00e4rg\u00e5rd 4\/2024<\/h2>\n\n\n\n<h2 class=\"wp-block-heading has-medium-font-size\">Text: Malla Lehtonen<\/h2>\n\n\n\n<div style=\"height:15px\" aria-hidden=\"true\" class=\"wp-block-spacer\"><\/div>\n\n\n<style>.wp-block-kadence-advancedbtn.kb-btns2078_f74274-f3{gap:var(--global-kb-gap-xs, 0.5rem );justify-content:flex-start;align-items:center;}.kt-btns2078_f74274-f3 .kt-button{font-weight:normal;font-style:normal;}.kt-btns2078_f74274-f3 .kt-btn-wrap-0{margin-right:5px;}.wp-block-kadence-advancedbtn.kt-btns2078_f74274-f3 .kt-btn-wrap-0 .kt-button{color:#555555;border-color:#555555;}.wp-block-kadence-advancedbtn.kt-btns2078_f74274-f3 .kt-btn-wrap-0 .kt-button:hover, .wp-block-kadence-advancedbtn.kt-btns2078_f74274-f3 .kt-btn-wrap-0 .kt-button:focus{color:#ffffff;border-color:#444444;}.wp-block-kadence-advancedbtn.kt-btns2078_f74274-f3 .kt-btn-wrap-0 .kt-button::before{display:none;}.wp-block-kadence-advancedbtn.kt-btns2078_f74274-f3 .kt-btn-wrap-0 .kt-button:hover, .wp-block-kadence-advancedbtn.kt-btns2078_f74274-f3 .kt-btn-wrap-0 .kt-button:focus{background:#444444;}<\/style>\n<div class=\"wp-block-kadence-advancedbtn kb-buttons-wrap kb-btns2078_f74274-f3\"><style>ul.menu .wp-block-kadence-advancedbtn .kb-btn2078_1c3c8f-bd.kb-button{width:initial;}<\/style><a class=\"kb-button kt-button button kb-btn2078_1c3c8f-bd kt-btn-size-standard kt-btn-width-type-auto kb-btn-global-fill  kt-btn-has-text-true kt-btn-has-svg-false  wp-block-kadence-singlebtn\" href=\"https:\/\/www.abo.fi\/centret-for-livslangt-larande\/sos-tacklar-havsforskningens-lomska-problem\/\" target=\"_blank\" rel=\"noreferrer noopener\"><span class=\"kt-btn-inner-text\">L\u00e4s artikeln<\/span><\/a><\/div>\n\n\n<div class=\"wp-block-image\">\n<figure class=\"alignleft size-large is-resized\"><img loading=\"lazy\" decoding=\"async\" width=\"731\" height=\"1024\" src=\"https:\/\/sites.abo.fi\/centre-for-sustainable-ocean-science\/wp-content\/uploads\/sites\/11\/2025\/01\/skargard_2024_04_framparm_web-1-731x1024.jpg\" alt=\"\" class=\"wp-image-2079\" style=\"width:400px\" srcset=\"https:\/\/sites.abo.fi\/centre-for-sustainable-ocean-science\/wp-content\/uploads\/sites\/11\/2025\/01\/skargard_2024_04_framparm_web-1-731x1024.jpg 731w, https:\/\/sites.abo.fi\/centre-for-sustainable-ocean-science\/wp-content\/uploads\/sites\/11\/2025\/01\/skargard_2024_04_framparm_web-1-214x300.jpg 214w, https:\/\/sites.abo.fi\/centre-for-sustainable-ocean-science\/wp-content\/uploads\/sites\/11\/2025\/01\/skargard_2024_04_framparm_web-1-768x1075.jpg 768w, https:\/\/sites.abo.fi\/centre-for-sustainable-ocean-science\/wp-content\/uploads\/sites\/11\/2025\/01\/skargard_2024_04_framparm_web-1-1097x1536.jpg 1097w, https:\/\/sites.abo.fi\/centre-for-sustainable-ocean-science\/wp-content\/uploads\/sites\/11\/2025\/01\/skargard_2024_04_framparm_web-1-1463x2048.jpg 1463w, https:\/\/sites.abo.fi\/centre-for-sustainable-ocean-science\/wp-content\/uploads\/sites\/11\/2025\/01\/skargard_2024_04_framparm_web-1-scaled.jpg 1828w\" sizes=\"auto, (max-width: 731px) 100vw, 731px\" \/><\/figure>\n<\/div>\n\n\n<p style=\"font-size:18px\">Centret f\u00f6r h\u00e5llbar havsvetenskap startade i januari 2024. Det \u00e4r en spetsenhet vid \u00c5bo Akademi med uppgift att studera hur m\u00e4nskliga aktiviteter p\u00e5verkar den marina biologiska m\u00e5ngfalden. Hur uppkommer s\u00e5 kallade l\u00f6mska problem och hur kan vi f\u00f6rs\u00f6ka l\u00f6sa dem? N\u00e4r det f\u00f6rsta verksamhets\u00e5ret n\u00e4rmar sig sitt slut tar vi en titt p\u00e5 hur arbetet har b\u00f6rjat och vad som v\u00e4ntar.<\/p>\n\n\n\n<p style=\"font-size:18px\">Tidskriften Sk\u00e4rg\u00e5rd utkommer med fyra faktasp\u00e4ckade temanummer per \u00e5r. Inneh\u00e5llet fokuserar p\u00e5 kust- och sk\u00e4rg\u00e5rdsrelaterat material som ber\u00f6r natur, kultur, arkeologi, historia, samh\u00e4lle, forskning etc. Tidskriften dokumenterar det mest unika omr\u00e5de vi har i Finland; b\u00e5de i ett nationellt och internationellt perspektiv \u00e4r v\u00e5ra sk\u00e4rg\u00e5rdsomr\u00e5den ett v\u00e4rldsarv och v\u00e5r kustsvenska kultur i kust- och sk\u00e4rg\u00e5rdsomr\u00e5dena ett kulturarv. Tidskriften Sk\u00e4rg\u00e5rd \u00e4r en identitetsb\u00e4rande tidskrift f\u00f6r alla med intresse f\u00f6r kustland och sk\u00e4rg\u00e5rd. Tidskriften ges ut av <a href=\"https:\/\/www.abo.fi\/centret-for-livslangt-larande\/skargardsinstitutet-vid-abo-akademi\/\">Sk\u00e4rg\u00e5rdsinstitutet vid \u00c5bo Akademi<\/a>.<\/p>\n","protected":false},"excerpt":{"rendered":"<p>SOS tacklar havsforskningens l\u00f6mska problem Tidskriften Sk\u00e4rg\u00e5rd 4\/2024 Text: Malla Lehtonen Centret f\u00f6r h\u00e5llbar havsvetenskap startade i januari 2024. Det \u00e4r en spetsenhet vid \u00c5bo Akademi med uppgift att studera hur m\u00e4nskliga aktiviteter p\u00e5verkar den marina biologiska m\u00e5ngfalden. Hur uppkommer s\u00e5 kallade l\u00f6mska problem och hur kan vi f\u00f6rs\u00f6ka l\u00f6sa dem? N\u00e4r det f\u00f6rsta verksamhets\u00e5ret&#8230;<\/p>\n","protected":false},"author":7,"featured_media":2082,"parent":2023,"menu_order":2,"comment_status":"closed","ping_status":"closed","template":"","meta":{"_acf_changed":false,"inline_featured_image":false,"_kad_blocks_custom_css":"","_kad_blocks_head_custom_js":"","_kad_blocks_body_custom_js":"","_kad_blocks_footer_custom_js":"","_kad_post_transparent":"","_kad_post_title":"","_kad_post_layout":"normal","_kad_post_sidebar_id":"","_kad_post_content_style":"","_kad_post_vertical_padding":"","_kad_post_feature":"","_kad_post_feature_position":"","_kad_post_header":false,"_kad_post_footer":false,"_kad_post_classname":"","footnotes":""},"class_list":["post-2078","page","type-page","status-publish","has-post-thumbnail","hentry"],"acf":[],"lang":"en","translations":{"en":2078},"taxonomy_info":[],"featured_image_src_large":["https:\/\/sites.abo.fi\/centre-for-sustainable-ocean-science\/wp-content\/uploads\/sites\/11\/2025\/01\/skargard_2024_04_featured-image-1024x708.png",1024,708,true],"author_info":{"display_name":"mallehto","author_link":"https:\/\/sites.abo.fi\/centre-for-sustainable-ocean-science\/author\/2\/"},"comment_info":0,"pll_sync_post":[],"_links":{"self":[{"href":"https:\/\/sites.abo.fi\/centre-for-sustainable-ocean-science\/wp-json\/wp\/v2\/pages\/2078","targetHints":{"allow":["GET"]}}],"collection":[{"href":"https:\/\/sites.abo.fi\/centre-for-sustainable-ocean-science\/wp-json\/wp\/v2\/pages"}],"about":[{"href":"https:\/\/sites.abo.fi\/centre-for-sustainable-ocean-science\/wp-json\/wp\/v2\/types\/page"}],"author":[{"embeddable":true,"href":"https:\/\/sites.abo.fi\/centre-for-sustainable-ocean-science\/wp-json\/wp\/v2\/users\/7"}],"replies":[{"embeddable":true,"href":"https:\/\/sites.abo.fi\/centre-for-sustainable-ocean-science\/wp-json\/wp\/v2\/comments?post=2078"}],"version-history":[{"count":7,"href":"https:\/\/sites.abo.fi\/centre-for-sustainable-ocean-science\/wp-json\/wp\/v2\/pages\/2078\/revisions"}],"predecessor-version":[{"id":2088,"href":"https:\/\/sites.abo.fi\/centre-for-sustainable-ocean-science\/wp-json\/wp\/v2\/pages\/2078\/revisions\/2088"}],"up":[{"embeddable":true,"href":"https:\/\/sites.abo.fi\/centre-for-sustainable-ocean-science\/wp-json\/wp\/v2\/pages\/2023"}],"wp:featuredmedia":[{"embeddable":true,"href":"https:\/\/sites.abo.fi\/centre-for-sustainable-ocean-science\/wp-json\/wp\/v2\/media\/2082"}],"wp:attachment":[{"href":"https:\/\/sites.abo.fi\/centre-for-sustainable-ocean-science\/wp-json\/wp\/v2\/media?parent=2078"}],"curies":[{"name":"wp","href":"https:\/\/api.w.org\/{rel}","templated":true}]}}