{"id":681,"date":"2024-04-29T08:21:12","date_gmt":"2024-04-29T08:21:12","guid":{"rendered":"https:\/\/aboakademi.kmghost.com\/?page_id=14"},"modified":"2026-04-17T12:02:50","modified_gmt":"2026-04-17T09:02:50","slug":"home","status":"publish","type":"page","link":"https:\/\/sites.abo.fi\/atp2026\/sv\/home\/","title":{"rendered":"Hem"},"content":{"rendered":"<style>.kb-row-layout-id681_07b355-4b > .kt-row-column-wrap{align-content:center;}:where(.kb-row-layout-id681_07b355-4b > .kt-row-column-wrap) > .wp-block-kadence-column{justify-content:center;}.kb-row-layout-id681_07b355-4b > .kt-row-column-wrap{column-gap:var(--global-kb-gap-md, 2rem);row-gap:var(--global-kb-gap-md, 2rem);max-width:720px;margin-left:auto;margin-right:auto;padding-top:var(--global-kb-spacing-lg, 3rem);padding-bottom:var(--global-kb-spacing-xxl, 5rem);min-height:510px;grid-template-columns:minmax(0, 1fr);}.kb-row-layout-id681_07b355-4b > .kt-row-layout-overlay{opacity:1;background:radial-gradient(circle at center center,rgb(6,147,227) 0%,rgb(20,39,109) 56%);mix-blend-mode:luminosity;}.kb-row-layout-id681_07b355-4b ,.kb-row-layout-id681_07b355-4b h1,.kb-row-layout-id681_07b355-4b h2,.kb-row-layout-id681_07b355-4b h3,.kb-row-layout-id681_07b355-4b h4,.kb-row-layout-id681_07b355-4b h5,.kb-row-layout-id681_07b355-4b h6{color:var(--global-palette9, #ffffff);}@media all and (max-width: 1024px){.kb-row-layout-id681_07b355-4b > .kt-row-column-wrap{grid-template-columns:minmax(0, 1fr);}}@media all and (max-width: 767px){.kb-row-layout-id681_07b355-4b > .kt-row-column-wrap{grid-template-columns:minmax(0, 1fr);}}<\/style><div class=\"kb-row-layout-wrap kb-row-layout-id681_07b355-4b alignfull has-theme-palette3-background-color kt-row-has-bg wp-block-kadence-rowlayout\"><div class=\"kt-blocks-carousel kb-blocks-bg-slider kt-carousel-container-dotstyle-dark\"><div class=\"kt-blocks-carousel-init splide kb-blocks-bg-slider-init kt-carousel-arrowstyle-none kt-carousel-dotstyle-dark\" data-slider-anim-speed=\"400\" data-slider-type=\"slider\" data-slider-scroll=\"1\" data-slider-arrows=\"false\" data-slider-fade=\"true\" data-slider-dots=\"true\" data-slider-hover-pause=\"false\" data-slider-auto=\"true\" data-slider-speed=\"7000\" data-show-pause-button=\"false\"><div class=\"splide__track\"><ul class=\"splide__list\"><li class=\"splide__slide kb-bg-slide-contain\"><div  class=\"kb-bg-slide kb-bg-slide-0\" style=\"background-image:url(https:\/\/sites.abo.fi\/atp2026\/wp-content\/uploads\/sites\/31\/2025\/06\/Sample-image-3-scaled.jpg); background-size:cover; background-position:center center; background-repeat:no-repeat;\"><\/div><\/li><\/ul><\/div><\/div><\/div><div class=\"kt-row-layout-overlay kt-row-overlay-gradient\"><\/div><div class=\"kt-row-column-wrap kt-has-1-columns kt-row-layout-equal kt-tab-layout-inherit kt-mobile-layout-row kt-row-valign-middle\">\n<style>.kadence-column681_f827ed-d4 > .kt-inside-inner-col,.kadence-column681_f827ed-d4 > .kt-inside-inner-col:before{border-top-left-radius:0px;border-top-right-radius:0px;border-bottom-right-radius:0px;border-bottom-left-radius:0px;}.kadence-column681_f827ed-d4 > .kt-inside-inner-col{column-gap:var(--global-kb-gap-sm, 1rem);}.kadence-column681_f827ed-d4 > .kt-inside-inner-col{flex-direction:column;}.kadence-column681_f827ed-d4 > .kt-inside-inner-col > .aligncenter{width:100%;}.kadence-column681_f827ed-d4 > .kt-inside-inner-col:before{opacity:0.3;}.kadence-column681_f827ed-d4{position:relative;}@media all and (max-width: 1024px){.kadence-column681_f827ed-d4 > .kt-inside-inner-col{flex-direction:column;justify-content:center;}}@media all and (max-width: 767px){.kadence-column681_f827ed-d4 > .kt-inside-inner-col{flex-direction:column;justify-content:center;}}<\/style>\n<div class=\"wp-block-kadence-column kadence-column681_f827ed-d4\"><div class=\"kt-inside-inner-col\"><style>.wp-block-kadence-advancedheading.kt-adv-heading681_fa6227-34, .wp-block-kadence-advancedheading.kt-adv-heading681_fa6227-34[data-kb-block=\"kb-adv-heading681_fa6227-34\"]{text-align:center;font-style:normal;}.wp-block-kadence-advancedheading.kt-adv-heading681_fa6227-34 mark.kt-highlight, .wp-block-kadence-advancedheading.kt-adv-heading681_fa6227-34[data-kb-block=\"kb-adv-heading681_fa6227-34\"] mark.kt-highlight{font-style:normal;color:#f76a0c;-webkit-box-decoration-break:clone;box-decoration-break:clone;padding-top:0px;padding-right:0px;padding-bottom:0px;padding-left:0px;}.wp-block-kadence-advancedheading.kt-adv-heading681_fa6227-34 img.kb-inline-image, .wp-block-kadence-advancedheading.kt-adv-heading681_fa6227-34[data-kb-block=\"kb-adv-heading681_fa6227-34\"] img.kb-inline-image{width:150px;vertical-align:baseline;}<\/style>\n<h1 class=\"kt-adv-heading681_fa6227-34 wp-block-kadence-advancedheading\" data-kb-block=\"kb-adv-heading681_fa6227-34\">V\u00e4lkommen till Autismforskningens dag den 30.10.2026!<\/h1>\n\n\n\n<p><\/p>\n\n\n\n<h2 class=\"wp-block-heading has-text-align-center\">Evenemanget h\u00e5lls i hybridformat b\u00e5de p\u00e5 \u00c5bo Akademis campus i \u00c5bo och p\u00e5 Zoom.<\/h2>\n<\/div><\/div>\n\n<\/div><\/div>\n\n<style>.kb-row-layout-wrap.wp-block-kadence-rowlayout.kb-row-layout-id681_2e8cc9-cc{margin-top:-90px;}.kb-row-layout-id681_2e8cc9-cc > .kt-row-column-wrap{align-content:start;}:where(.kb-row-layout-id681_2e8cc9-cc > .kt-row-column-wrap) > .wp-block-kadence-column{justify-content:start;}.kb-row-layout-id681_2e8cc9-cc > .kt-row-column-wrap{column-gap:var(--global-kb-gap-md, 2rem);row-gap:var(--global-kb-gap-md, 2rem);padding-top:0px;padding-bottom:0px;grid-template-columns:minmax(0, 1fr);}.kb-row-layout-id681_2e8cc9-cc > .kt-row-layout-overlay{opacity:0.30;}.kb-row-layout-id681_2e8cc9-cc{z-index:10;position:relative;}@media all and (max-width: 1024px){.kb-row-layout-id681_2e8cc9-cc > .kt-row-column-wrap{grid-template-columns:minmax(0, 1fr);}}@media all and (max-width: 767px){.kb-row-layout-id681_2e8cc9-cc > .kt-row-column-wrap{grid-template-columns:minmax(0, 1fr);}}.kb-row-layout-id681_2e8cc9-cc .kb-slider-size-fixed .kb-advanced-slide-inner-wrap {  min-height: 0;}<\/style><div class=\"kb-row-layout-wrap kb-row-layout-id681_2e8cc9-cc alignnone wp-block-kadence-rowlayout\"><div class=\"kt-row-column-wrap kt-has-1-columns kt-row-layout-equal kt-tab-layout-inherit kt-mobile-layout-row kt-row-valign-top\">\n<style>.kadence-column681_67f037-67 > .kt-inside-inner-col,.kadence-column681_67f037-67 > .kt-inside-inner-col:before{border-top-left-radius:0px;border-top-right-radius:0px;border-bottom-right-radius:0px;border-bottom-left-radius:0px;}.kadence-column681_67f037-67 > .kt-inside-inner-col{column-gap:var(--global-kb-gap-sm, 1rem);}.kadence-column681_67f037-67 > .kt-inside-inner-col{flex-direction:column;}.kadence-column681_67f037-67 > .kt-inside-inner-col > .aligncenter{width:100%;}.kadence-column681_67f037-67 > .kt-inside-inner-col:before{opacity:0.3;}.kadence-column681_67f037-67{position:relative;}@media all and (max-width: 1024px){.kadence-column681_67f037-67 > .kt-inside-inner-col{flex-direction:column;justify-content:center;}}@media all and (max-width: 767px){.kadence-column681_67f037-67 > .kt-inside-inner-col{flex-direction:column;justify-content:center;}}<\/style>\n<div class=\"wp-block-kadence-column kadence-column681_67f037-67\"><div class=\"kt-inside-inner-col\">\n<p><\/p>\n\n\n\n<p><\/p>\n\n\n\n<p><\/p>\n\n\n\n<p><\/p>\n<\/div><\/div>\n\n<\/div><\/div>\n\n<style>.kb-row-layout-id681_71d24e-a2 > .kt-row-column-wrap{align-content:start;}:where(.kb-row-layout-id681_71d24e-a2 > .kt-row-column-wrap) > .wp-block-kadence-column{justify-content:start;}.kb-row-layout-id681_71d24e-a2 > .kt-row-column-wrap{column-gap:var(--global-kb-gap-md, 2rem);row-gap:var(--global-kb-gap-md, 2rem);padding-top:var(--global-kb-spacing-sm, 1.5rem);padding-bottom:var(--global-kb-spacing-sm, 1.5rem);grid-template-columns:minmax(0, 1fr);}.kb-row-layout-id681_71d24e-a2 > .kt-row-layout-overlay{opacity:0.30;}@media all and (max-width: 1024px){.kb-row-layout-id681_71d24e-a2 > .kt-row-column-wrap{grid-template-columns:minmax(0, 1fr);}}@media all and (max-width: 767px){.kb-row-layout-id681_71d24e-a2 > .kt-row-column-wrap{grid-template-columns:minmax(0, 1fr);}}<\/style><div class=\"kb-row-layout-wrap kb-row-layout-id681_71d24e-a2 alignnone wp-block-kadence-rowlayout\"><div class=\"kt-row-column-wrap kt-has-1-columns kt-row-layout-equal kt-tab-layout-inherit kt-mobile-layout-row kt-row-valign-top\">\n<style>.kadence-column681_7dd453-83 > .kt-inside-inner-col,.kadence-column681_7dd453-83 > .kt-inside-inner-col:before{border-top-left-radius:0px;border-top-right-radius:0px;border-bottom-right-radius:0px;border-bottom-left-radius:0px;}.kadence-column681_7dd453-83 > .kt-inside-inner-col{column-gap:var(--global-kb-gap-sm, 1rem);}.kadence-column681_7dd453-83 > .kt-inside-inner-col{flex-direction:column;}.kadence-column681_7dd453-83 > .kt-inside-inner-col > .aligncenter{width:100%;}.kadence-column681_7dd453-83 > .kt-inside-inner-col:before{opacity:0.3;}.kadence-column681_7dd453-83{position:relative;}@media all and (max-width: 1024px){.kadence-column681_7dd453-83 > .kt-inside-inner-col{flex-direction:column;justify-content:center;}}@media all and (max-width: 767px){.kadence-column681_7dd453-83 > .kt-inside-inner-col{flex-direction:column;justify-content:center;}}<\/style>\n<div class=\"wp-block-kadence-column kadence-column681_7dd453-83\"><div class=\"kt-inside-inner-col\"><\/div><\/div>\n\n<\/div><\/div>\n\n\n<h2 class=\"wp-block-heading\">Inbjudan till f\u00f6redrag<\/h2>\n\n\n\n<p>Autismforskningsn\u00e4tverket ordnar <strong>Autismforskningens dag<\/strong> fredag den <strong>30.10.2026<\/strong> i hybridformat p\u00e5 \u00c5bo Akademis campus i \u00c5bo och p\u00e5 Zoom. Evenemanget sammanf\u00f6rs forskare och organisationer och \u00e4r ett bra tillf\u00e4lle att m\u00f6ta andra forskare och olika organisationers representanter samt att fr\u00e4mja samarbete med vuxna autister i Finland.<\/p>\n\n\n\n<p>Forskningsdagens tema \u00e4r <strong>spr\u00e5k och kommunikation<\/strong>. Vi v\u00e4lkomnar f\u00f6redrag om forskning och olika forskningsprojekt som r\u00f6r autismspektrum och autistiska m\u00e4nniskor och p\u00e5 n\u00e5got s\u00e4tt handlar om spr\u00e5k och kommunikation. Speciellt \u00f6nskar vi f\u00f6redrag fr\u00e5n forskare som sj\u00e4lv h\u00f6r till autismspektret. F\u00f6redrag kan fokusera p\u00e5 vilken fas av forskning som helst, fr\u00e5n presentationer av nyb\u00f6rjat projekt till slutf\u00e4rd forskningsresultat. Det \u00e4r ocks\u00e5 m\u00f6jligt att presentera studieavhandlingar. Forskning om andra egenskap inom neurospektret \u00e4r v\u00e4lkomna om de ocks\u00e5 har anknytning till autismspektret.<\/p>\n\n\n\n<p><strong>Skicka ditt f\u00f6redragsabstrakt<\/strong> (h\u00f6gst 200 ord) <strong>senast den 23.8.2026<\/strong> via webbformul\u00e4ret <a href=\"https:\/\/survey.abo.fi\/lomakkeet\/17439\/lomake.html\" target=\"_blank\" rel=\"noreferrer noopener\">https:\/\/survey.abo.fi\/lomakkeet\/17439\/lomake.html<\/a>. F\u00f6redragets l\u00e4ngd \u00e4r h\u00f6gst 30 minuter som f\u00f6ljs med 15 minuter f\u00f6r diskussion och fr\u00e5gor. Det \u00e4r ocks\u00e5 m\u00f6jligt att h\u00e5lla 5 minuters snabbf\u00f6redrag. Ange med formul\u00e4ret vilken typ av f\u00f6redrag du ville h\u00e5lla. F\u00f6redrag kan h\u00e5llas p\u00e5 finska, svenska och engelska. Ange med formul\u00e4ret det spr\u00e5ket du vill anv\u00e4nda och skriva ocks\u00e5 ditt abstrakt i samma spr\u00e5k. Vi meddelar om vilka f\u00f6redrag har valts till programmet den <strong>15.9.2026<\/strong>, och det slutgiltiga programmet publiceras den <strong>22.9.2026<\/strong>.<\/p>\n\n\n\n<p>Evenemanget \u00e4r kostnadsfritt, och det \u00e4r m\u00f6jligt att delta antingen p\u00e5 plats eller p\u00e5 distans. Mer information om dagens schema och praktiska saker anges senare. Om du har fr\u00e5gor g\u00e4llande evenemanget kan du skicka dem till atp2026@asy.fi.<\/p>\n\n\n\n<p>Autismforskningsn\u00e4tverket \u00e4r ett samarbetsn\u00e4tverk riktad till olika forskare, m\u00e4nniskor som h\u00f6r till autismspektret, deras anh\u00f6riga och proffs. Autismforskningsn\u00e4tverket ordnar evenemang och m\u00f6ten f\u00f6r akt\u00f6rer som \u00e4r intresserad i autismforskning. L\u00e4s mer om n\u00e4tverket: <a href=\"https:\/\/autismiliitto.fi\/toiminta\/autismitutkimuksen-verkosto\/\" target=\"_blank\" rel=\"noreferrer noopener\">https:\/\/autismiliitto.fi\/toiminta\/autismitutkimuksen-verkosto\/<\/a> (p\u00e5 finska).<\/p>\n","protected":false},"excerpt":{"rendered":"<p>V\u00e4lkommen till Autismforskningens dag den 30.10.2026! Evenemanget h\u00e5lls i hybridformat b\u00e5de p\u00e5 \u00c5bo Akademis campus i \u00c5bo och p\u00e5 Zoom. Inbjudan till f\u00f6redrag Autismforskningsn\u00e4tverket ordnar Autismforskningens dag fredag den 30.10.2026 i hybridformat p\u00e5 \u00c5bo Akademis campus i \u00c5bo och p\u00e5 Zoom. Evenemanget sammanf\u00f6rs forskare och organisationer och \u00e4r ett bra tillf\u00e4lle att m\u00f6ta andra forskare&#8230;<\/p>\n","protected":false},"author":6,"featured_media":0,"parent":0,"menu_order":0,"comment_status":"closed","ping_status":"closed","template":"","meta":{"_acf_changed":false,"inline_featured_image":false,"_kad_blocks_custom_css":"","_kad_blocks_head_custom_js":"","_kad_blocks_body_custom_js":"","_kad_blocks_footer_custom_js":"","_kad_post_transparent":"","_kad_post_title":"","_kad_post_layout":"normal","_kad_post_sidebar_id":"","_kad_post_content_style":"unboxed","_kad_post_vertical_padding":"","_kad_post_feature":"","_kad_post_feature_position":"","_kad_post_header":false,"_kad_post_footer":false,"_kad_post_classname":"","footnotes":""},"class_list":["post-681","page","type-page","status-publish","hentry"],"acf":[],"lang":"sv","translations":{"sv":681,"en":14,"fi":682},"taxonomy_info":[],"featured_image_src_large":false,"author_info":{"display_name":"","author_link":"https:\/\/sites.abo.fi\/atp2026\/author\/"},"comment_info":0,"pll_sync_post":[],"_links":{"self":[{"href":"https:\/\/sites.abo.fi\/atp2026\/wp-json\/wp\/v2\/pages\/681","targetHints":{"allow":["GET"]}}],"collection":[{"href":"https:\/\/sites.abo.fi\/atp2026\/wp-json\/wp\/v2\/pages"}],"about":[{"href":"https:\/\/sites.abo.fi\/atp2026\/wp-json\/wp\/v2\/types\/page"}],"author":[{"embeddable":true,"href":"https:\/\/sites.abo.fi\/atp2026\/wp-json\/wp\/v2\/users\/6"}],"replies":[{"embeddable":true,"href":"https:\/\/sites.abo.fi\/atp2026\/wp-json\/wp\/v2\/comments?post=681"}],"version-history":[{"count":11,"href":"https:\/\/sites.abo.fi\/atp2026\/wp-json\/wp\/v2\/pages\/681\/revisions"}],"predecessor-version":[{"id":972,"href":"https:\/\/sites.abo.fi\/atp2026\/wp-json\/wp\/v2\/pages\/681\/revisions\/972"}],"wp:attachment":[{"href":"https:\/\/sites.abo.fi\/atp2026\/wp-json\/wp\/v2\/media?parent=681"}],"curies":[{"name":"wp","href":"https:\/\/api.w.org\/{rel}","templated":true}]}}